{"id":14145,"date":"2023-07-14T15:54:08","date_gmt":"2023-07-14T15:54:08","guid":{"rendered":"https:\/\/tonko.si\/trgovina\/troslojne-cebelarske-rokavice-rjava-barva\/"},"modified":"2025-01-21T11:19:15","modified_gmt":"2025-01-21T11:19:15","slug":"troslojne-cebelarske-rokavice-rjava-barva","status":"publish","type":"product","link":"https:\/\/tonko.si\/pl\/sklep\/troslojne-cebelarske-rokavice-rjava-barva\/","title":{"rendered":"Troslojne \u010debelarske rokavice &#8211; Rjava barva"},"content":{"rendered":"","protected":false},"excerpt":{"rendered":"<ul>\n<li>D\u0142onie r\u0119kawic pszczelarskich wykonane s\u0105 z wysokiej jako\u015bci mi\u0119kkiej sk\u00f3ry koziej.<\/li>\n<li>Pozosta\u0142a cz\u0119\u015b\u0107 r\u0119kawic wykonana jest z trzech warstw materia\u0142u dystansowego o \u0142\u0105cznej grubo\u015bci 4 mm<\/li>\n<li>R\u0119kawice s\u0105 oddychaj\u0105ce i zapewniaj\u0105 doskona\u0142\u0105 ochron\u0119 przed u\u017c\u0105dleniami pszcz\u00f3\u0142<\/li>\n<li>Regulowana gumka na ko\u0144cu r\u0119kawa dla optymalnego dopasowania<\/li>\n<li>Dobavljive velikosti od XS, S, M, L, XL, 2XL, 3XL, 4XL<\/li>\n<\/ul>\n","protected":false},"featured_media":12017,"template":"","meta":{"rs_blank_template":"","rs_page_bg_color":"","slide_template_v7":"","inline_featured_image":false},"product_brand":[],"product_cat":[501,410],"product_tag":[],"class_list":{"0":"post-14145","1":"product","2":"type-product","3":"status-publish","4":"has-post-thumbnail","6":"product_cat-rekawiczki-pszczelarskie","7":"product_cat-sprzet-ochronny","9":"first","10":"instock","11":"shipping-taxable","12":"purchasable","13":"product-type-variable"},"_links":{"self":[{"href":"https:\/\/tonko.si\/pl\/wp-json\/wp\/v2\/product\/14145","targetHints":{"allow":["GET"]}}],"collection":[{"href":"https:\/\/tonko.si\/pl\/wp-json\/wp\/v2\/product"}],"about":[{"href":"https:\/\/tonko.si\/pl\/wp-json\/wp\/v2\/types\/product"}],"wp:featuredmedia":[{"embeddable":true,"href":"https:\/\/tonko.si\/pl\/wp-json\/wp\/v2\/media\/12017"}],"wp:attachment":[{"href":"https:\/\/tonko.si\/pl\/wp-json\/wp\/v2\/media?parent=14145"}],"wp:term":[{"taxonomy":"product_brand","embeddable":true,"href":"https:\/\/tonko.si\/pl\/wp-json\/wp\/v2\/product_brand?post=14145"},{"taxonomy":"product_cat","embeddable":true,"href":"https:\/\/tonko.si\/pl\/wp-json\/wp\/v2\/product_cat?post=14145"},{"taxonomy":"product_tag","embeddable":true,"href":"https:\/\/tonko.si\/pl\/wp-json\/wp\/v2\/product_tag?post=14145"}],"curies":[{"name":"wp","href":"https:\/\/api.w.org\/{rel}","templated":true}]}}