{"id":14138,"date":"2023-07-14T16:25:22","date_gmt":"2023-07-14T16:25:22","guid":{"rendered":"https:\/\/tonko.si\/trgovina\/3lr-cebelarski-klobuk-z-zadrgo-rjava-barva\/"},"modified":"2023-07-14T16:25:22","modified_gmt":"2023-07-14T16:25:22","slug":"3lr-cebelarski-klobuk-z-zadrgo-rjava-barva","status":"publish","type":"product","link":"https:\/\/tonko.si\/pl\/sklep\/3lr-cebelarski-klobuk-z-zadrgo-rjava-barva\/","title":{"rendered":"3LR \u010debelarski klobuk z zadrgo \u2013 Rjava barva"},"content":{"rendered":"","protected":false},"excerpt":{"rendered":"<p>Okr\u0105g\u0142y kapelusz z siatk\u0105 ochronn\u0105<\/p>\n<ul>\n<li>Uniwersalne dopasowanie do kombinezonu lub kurtki z naszej oferty<\/li>\n<li>Wysoka jako\u015b\u0107 wykonania<\/li>\n<li>\u0141atwa zmiana dzi\u0119ki zamkowi b\u0142yskawicznemu<\/li>\n<li>Uniwersalny rozmiar<\/li>\n<\/ul>\n","protected":false},"featured_media":12161,"template":"","meta":{"rs_blank_template":"","rs_page_bg_color":"","slide_template_v7":"","inline_featured_image":false},"product_brand":[],"product_cat":[411,410],"product_tag":[],"class_list":{"0":"post-14138","1":"product","2":"type-product","3":"status-publish","4":"has-post-thumbnail","6":"product_cat-kapelusze-i-skafandry-kosmiczne","7":"product_cat-sprzet-ochronny","8":"product_shipping_class-visja-dostava","10":"first","11":"instock","12":"shipping-taxable","13":"purchasable","14":"product-type-simple"},"_links":{"self":[{"href":"https:\/\/tonko.si\/pl\/wp-json\/wp\/v2\/product\/14138","targetHints":{"allow":["GET"]}}],"collection":[{"href":"https:\/\/tonko.si\/pl\/wp-json\/wp\/v2\/product"}],"about":[{"href":"https:\/\/tonko.si\/pl\/wp-json\/wp\/v2\/types\/product"}],"wp:featuredmedia":[{"embeddable":true,"href":"https:\/\/tonko.si\/pl\/wp-json\/wp\/v2\/media\/12161"}],"wp:attachment":[{"href":"https:\/\/tonko.si\/pl\/wp-json\/wp\/v2\/media?parent=14138"}],"wp:term":[{"taxonomy":"product_brand","embeddable":true,"href":"https:\/\/tonko.si\/pl\/wp-json\/wp\/v2\/product_brand?post=14138"},{"taxonomy":"product_cat","embeddable":true,"href":"https:\/\/tonko.si\/pl\/wp-json\/wp\/v2\/product_cat?post=14138"},{"taxonomy":"product_tag","embeddable":true,"href":"https:\/\/tonko.si\/pl\/wp-json\/wp\/v2\/product_tag?post=14138"}],"curies":[{"name":"wp","href":"https:\/\/api.w.org\/{rel}","templated":true}]}}