{"id":14113,"date":"2023-07-14T17:52:45","date_gmt":"2023-07-14T17:52:45","guid":{"rendered":"https:\/\/tonko.si\/trgovina\/usnjene-cebelarske-rokavice-z-zracnikom-rumena-barva\/"},"modified":"2025-01-21T11:20:25","modified_gmt":"2025-01-21T11:20:25","slug":"usnjene-cebelarske-rokavice-z-zracnikom-rumena-barva","status":"publish","type":"product","link":"https:\/\/tonko.si\/pl\/sklep\/usnjene-cebelarske-rokavice-z-zracnikom-rumena-barva\/","title":{"rendered":"Usnjene \u010debelarske rokavice z zra\u010dnikom &#8211; Rumena barva"},"content":{"rendered":"","protected":false},"excerpt":{"rendered":"<ul>\n<li>10-centymetrowe wzmocnienie wszyte w obszarze nadgarstka dla dodatkowej ochrony przed u\u017c\u0105dleniami<\/li>\n<li>W dolnej cz\u0119\u015bci r\u0119kawic znajduje si\u0119 6-centymetrowy obszar wentylacyjny. Wykonane z podw\u00f3jnej siatki dystansowej, kt\u00f3ra umo\u017cliwia wentylacj\u0119 r\u0119kawic, jednocze\u015bnie chroni\u0105c przed u\u017c\u0105dleniami.<\/li>\n<li>R\u0119kawice s\u0105 wykonane z wysokiej jako\u015bci mi\u0119kkiej sk\u00f3ry koziej<\/li>\n<li>Elastyczne zako\u0144czenie r\u0119kaw\u00f3w dla idealnego dopasowania<\/li>\n<li>kolor \u017c\u00f3\u0142ty i bia\u0142y<\/li>\n<li>Dost\u0119pne w rozmiarach XS, S, M, L, XL, 2XL, 3XL<\/li>\n<\/ul>\n","protected":false},"featured_media":12020,"template":"","meta":{"rs_blank_template":"","rs_page_bg_color":"","slide_template_v7":"","inline_featured_image":false},"product_brand":[],"product_cat":[501,410],"product_tag":[],"class_list":{"0":"post-14113","1":"product","2":"type-product","3":"status-publish","4":"has-post-thumbnail","6":"product_cat-rekawiczki-pszczelarskie","7":"product_cat-sprzet-ochronny","9":"first","10":"instock","11":"shipping-taxable","12":"purchasable","13":"product-type-variable"},"_links":{"self":[{"href":"https:\/\/tonko.si\/pl\/wp-json\/wp\/v2\/product\/14113","targetHints":{"allow":["GET"]}}],"collection":[{"href":"https:\/\/tonko.si\/pl\/wp-json\/wp\/v2\/product"}],"about":[{"href":"https:\/\/tonko.si\/pl\/wp-json\/wp\/v2\/types\/product"}],"wp:featuredmedia":[{"embeddable":true,"href":"https:\/\/tonko.si\/pl\/wp-json\/wp\/v2\/media\/12020"}],"wp:attachment":[{"href":"https:\/\/tonko.si\/pl\/wp-json\/wp\/v2\/media?parent=14113"}],"wp:term":[{"taxonomy":"product_brand","embeddable":true,"href":"https:\/\/tonko.si\/pl\/wp-json\/wp\/v2\/product_brand?post=14113"},{"taxonomy":"product_cat","embeddable":true,"href":"https:\/\/tonko.si\/pl\/wp-json\/wp\/v2\/product_cat?post=14113"},{"taxonomy":"product_tag","embeddable":true,"href":"https:\/\/tonko.si\/pl\/wp-json\/wp\/v2\/product_tag?post=14113"}],"curies":[{"name":"wp","href":"https:\/\/api.w.org\/{rel}","templated":true}]}}