{"id":13724,"date":"2022-10-10T09:52:08","date_gmt":"2022-10-10T09:52:08","guid":{"rendered":"https:\/\/tonko.si\/trgovina\/troslojna-cebelarska-jakna-pink-barva\/"},"modified":"2022-10-10T09:52:08","modified_gmt":"2022-10-10T09:52:08","slug":"troslojna-cebelarska-jakna-pink-barva","status":"publish","type":"product","link":"https:\/\/tonko.si\/pl\/sklep\/troslojna-cebelarska-jakna-pink-barva\/","title":{"rendered":"Troslojna \u010debelarska jakna &#8211; Pink barva"},"content":{"rendered":"<p>Mo\u017cesz wybra\u0107 rozmiar kombinezonu lub kurtki, korzystaj\u0105c z poni\u017cszej tabeli. Tabela powinna s\u0142u\u017cy\u0107 jako przewodnik, ale je\u015bli rozmiar nadal nie jest odpowiedni, zorganizujemy wymian\u0119 na inny wybrany rozmiar.<\/p>\n<table class=\"prod_spec\">\n<tbody>\n<tr>\n<td class=\"left\">ROZMIAR<\/td>\n<td>XS<\/td>\n<td>S<\/td>\n<td>M<\/td>\n<td>L<\/td>\n<td>XL<\/td>\n<td>XXL<\/td>\n<td>XXXL<\/td>\n<\/tr>\n<tr>\n<td class=\"left\">WYSOKO\u015a\u0106 CIA\u0141A<\/td>\n<td>do 160<\/td>\n<td>160-168<\/td>\n<td>168-175<\/td>\n<td>175-182<\/td>\n<td>182-186<\/td>\n<td>186-191<\/td>\n<td>191 i powy\u017cej<\/td>\n<\/tr>\n<tr>\n<td class=\"left\">Gotowe rozmiary<\/td>\n<td>40<\/td>\n<td>44<\/td>\n<td>48<\/td>\n<td>52<\/td>\n<td>56<\/td>\n<td>60<\/td>\n<td>64<\/td>\n<\/tr>\n<\/tbody>\n<\/table>\n<p>Je\u015bli chcesz wymieni\u0107 dostarczony produkt na inny, poinformuj nas o tym, a kurier odbierze t\u0119, kt\u00f3r\u0105 chcesz zwr\u00f3ci\u0107, gdy druga zostanie dostarczona.<\/p>\n<p>Jedna wymiana zam\u00f3wionego kombinezonu jest bezp\u0142atna.<\/p>\n","protected":false},"excerpt":{"rendered":"<p>Mo\u017cliwo\u015b\u0107 wyboru okr\u0105g\u0142ego kapelusza lub kapelusza typu 'kosmonauta&#8217;<\/p>\n<ul>\n<li>Materia\u0142 przepuszczaj\u0105cy powietrze w trzech warstwach o \u0142\u0105cznej grubo\u015bci 4 mm<\/li>\n<li>Umo\u017cliwia odprowadzanie wilgoci z cia\u0142a i zapewnia przep\u0142yw powietrza, daj\u0105c uczucie ch\u0142odu w gor\u0105ce dni<\/li>\n<li>Optymalna ochrona g\u00f3rnej cz\u0119\u015bci cia\u0142a i g\u0142owy<\/li>\n<li>Elastyczne zako\u0144czenia r\u0119kaw\u00f3w i mankiet\u00f3w<\/li>\n<li>Przydatne kieszenie<\/li>\n<li>Wysoka jako\u015b\u0107 wykonania<\/li>\n<li>W pe\u0142ni wymienny kapelusz lub kapelusz typu 'kosmonauta&#8217;<\/li>\n<li>\u0141atwe zak\u0142adanie dzi\u0119ki zamkowi b\u0142yskawicznemu<\/li>\n<li>Dobavljive velikosti od XS, S, M, L, XL, 2XL<\/li>\n<li>Sprawd\u017a poni\u017csz\u0105 tabel\u0119 rozmiar\u00f3w<\/li>\n<\/ul>\n","protected":false},"featured_media":11429,"template":"","meta":{"rs_blank_template":"","rs_page_bg_color":"","slide_template_v7":"","inline_featured_image":false},"product_brand":[],"product_cat":[466,410],"product_tag":[],"class_list":{"0":"post-13724","1":"product","2":"type-product","3":"status-publish","4":"has-post-thumbnail","6":"product_cat-kurtki-pszczelarskie","7":"product_cat-sprzet-ochronny","9":"first","10":"outofstock","11":"shipping-taxable","12":"purchasable","13":"product-type-variable"},"_links":{"self":[{"href":"https:\/\/tonko.si\/pl\/wp-json\/wp\/v2\/product\/13724","targetHints":{"allow":["GET"]}}],"collection":[{"href":"https:\/\/tonko.si\/pl\/wp-json\/wp\/v2\/product"}],"about":[{"href":"https:\/\/tonko.si\/pl\/wp-json\/wp\/v2\/types\/product"}],"wp:featuredmedia":[{"embeddable":true,"href":"https:\/\/tonko.si\/pl\/wp-json\/wp\/v2\/media\/11429"}],"wp:attachment":[{"href":"https:\/\/tonko.si\/pl\/wp-json\/wp\/v2\/media?parent=13724"}],"wp:term":[{"taxonomy":"product_brand","embeddable":true,"href":"https:\/\/tonko.si\/pl\/wp-json\/wp\/v2\/product_brand?post=13724"},{"taxonomy":"product_cat","embeddable":true,"href":"https:\/\/tonko.si\/pl\/wp-json\/wp\/v2\/product_cat?post=13724"},{"taxonomy":"product_tag","embeddable":true,"href":"https:\/\/tonko.si\/pl\/wp-json\/wp\/v2\/product_tag?post=13724"}],"curies":[{"name":"wp","href":"https:\/\/api.w.org\/{rel}","templated":true}]}}