{"id":13622,"date":"2023-07-14T11:03:42","date_gmt":"2023-07-14T11:03:42","guid":{"rendered":"https:\/\/tonko.si\/trgovina\/troslojni-cebelarski-zascitni-kombinezon-bela-barva\/"},"modified":"2025-01-21T11:06:24","modified_gmt":"2025-01-21T11:06:24","slug":"troslojni-cebelarski-zascitni-kombinezon-bela-barva","status":"publish","type":"product","link":"https:\/\/tonko.si\/pl\/sklep\/troslojni-cebelarski-zascitni-kombinezon-bela-barva\/","title":{"rendered":"Troslojni \u010debelarski za\u0161\u010ditni kombinezon \u2013 Bela barva"},"content":{"rendered":"<p>Rozmiar kombinezonu lub marynarki mo\u017cesz wybra\u0107 korzystaj\u0105c z poni\u017cszej tabeli. Tabela powinna Ci pom\u00f3c, je\u015bli jednak oka\u017ce si\u0119, \u017ce rozmiar nie b\u0119dzie odpowiedni, zorganizujemy wymian\u0119 na inny, wybrany numer.<\/p>\n<table class=\"prod_spec\">\n<tbody>\n<tr>\n<td class=\"left\">ROZMIAR<\/td>\n<td>XS<\/td>\n<td>S<\/td>\n<td>M<\/td>\n<td>L<\/td>\n<td>XL<\/td>\n<td>XXL<\/td>\n<td>XXXL<\/td>\n<\/tr>\n<tr>\n<td class=\"left\">WYSOKO\u015a\u0106 CIA\u0141A<\/td>\n<td>do 160<\/td>\n<td>160-168<\/td>\n<td>168-175<\/td>\n<td>175-182<\/td>\n<td>182-186<\/td>\n<td>186-191<\/td>\n<td>191 i powy\u017cej<\/td>\n<\/tr>\n<tr>\n<td class=\"left\">Gotowe nr.<\/td>\n<td>40<\/td>\n<td>44<\/td>\n<td>48<\/td>\n<td>52<\/td>\n<td>56<\/td>\n<td>60<\/td>\n<td>64<\/td>\n<\/tr>\n<\/tbody>\n<\/table>\n<p>Je\u015bli chcesz wymieni\u0107 dostarczony produkt na inny, poinformuj nas o tym, a kurier odbierze t\u0119, kt\u00f3r\u0105 chcesz zwr\u00f3ci\u0107, gdy druga zostanie dostarczona.<\/p>\n<p>Jedna wymiana zam\u00f3wionego kombinezonu jest bezp\u0142atna.<\/p>\n","protected":false},"excerpt":{"rendered":"<p>Opcja okr\u0105g\u0142ego kapelusza<\/p>\n<p>\u2022 Funkcjonalna ochrona ca\u0142ego cia\u0142a<br \/>\n\u2022 Elastyczne zako\u0144czenie r\u0119kaw\u00f3w<br \/>\n\u2022 Praktyczne kieszenie<br \/>\n\u2022 Wysoka jako\u015b\u0107 wykonania<br \/>\n\u2022 Kolor bia\u0142y<br \/>\n\u2022 W pe\u0142ni wymienny kapelusz lub kapelusz typu 'kosmonauta\u2019<br \/>\n\u2022 \u0141atwe zak\u0142adanie dzi\u0119ki zamkowi b\u0142yskawicznemu<br \/>\n\u2022 Dost\u0119pne w rozmiarach XS, S, M, L, XL, 2XL, 3XL, 4XL<br \/>\n\u2022 Sprawd\u017a poni\u017csz\u0105 tabel\u0119 rozmiar\u00f3w<\/p>\n","protected":false},"featured_media":11915,"template":"","meta":{"rs_blank_template":"","rs_page_bg_color":"","slide_template_v7":"","inline_featured_image":false},"product_brand":[],"product_cat":[473,410],"product_tag":[],"class_list":{"0":"post-13622","1":"product","2":"type-product","3":"status-publish","4":"has-post-thumbnail","6":"product_cat-kombinezon-pszczelarski","7":"product_cat-sprzet-ochronny","8":"product_shipping_class-visja-dostava","10":"first","11":"instock","12":"sale","13":"shipping-taxable","14":"purchasable","15":"product-type-variable"},"_links":{"self":[{"href":"https:\/\/tonko.si\/pl\/wp-json\/wp\/v2\/product\/13622","targetHints":{"allow":["GET"]}}],"collection":[{"href":"https:\/\/tonko.si\/pl\/wp-json\/wp\/v2\/product"}],"about":[{"href":"https:\/\/tonko.si\/pl\/wp-json\/wp\/v2\/types\/product"}],"wp:featuredmedia":[{"embeddable":true,"href":"https:\/\/tonko.si\/pl\/wp-json\/wp\/v2\/media\/11915"}],"wp:attachment":[{"href":"https:\/\/tonko.si\/pl\/wp-json\/wp\/v2\/media?parent=13622"}],"wp:term":[{"taxonomy":"product_brand","embeddable":true,"href":"https:\/\/tonko.si\/pl\/wp-json\/wp\/v2\/product_brand?post=13622"},{"taxonomy":"product_cat","embeddable":true,"href":"https:\/\/tonko.si\/pl\/wp-json\/wp\/v2\/product_cat?post=13622"},{"taxonomy":"product_tag","embeddable":true,"href":"https:\/\/tonko.si\/pl\/wp-json\/wp\/v2\/product_tag?post=13622"}],"curies":[{"name":"wp","href":"https:\/\/api.w.org\/{rel}","templated":true}]}}