{"id":14357,"date":"2020-05-27T02:58:45","date_gmt":"2020-05-27T02:58:45","guid":{"rendered":"https:\/\/tonko.si\/dostava-in-placilo\/"},"modified":"2025-01-21T12:15:30","modified_gmt":"2025-01-21T12:15:30","slug":"dostava-in-placilo","status":"publish","type":"page","link":"https:\/\/tonko.si\/pl\/dostava-in-placilo\/","title":{"rendered":"Dostawa i p\u0142atno\u015b\u0107"},"content":{"rendered":"<div class=\"wpb-content-wrapper\"><p>[vc_row full_width=&#8221;stretch_row&#8221; css=&#8221;.vc_custom_1590550621480{margin-top: -40px !important;padding-top: 4vh !important;background-color: #f5f5f5 !important;}&#8221; mobile_bg_img_hidden=&#8221;no&#8221; tablet_bg_img_hidden=&#8221;no&#8221; woodmart_parallax=&#8221;0&#8243; woodmart_gradient_switch=&#8221;no&#8221; row_reverse_mobile=&#8221;0&#8243; row_reverse_tablet=&#8221;0&#8243; woodmart_disable_overflow=&#8221;0&#8243;][vc_column][vc_column_text text_larger=&#8221;no&#8221; el_class=&#8221;center-zasebnosti-bloki&#8221; css=&#8221;.vc_custom_1711453444086{padding-top: 20px !important;padding-right: 20px !important;padding-bottom: 20px !important;padding-left: 20px !important;background-color: #ffffff !important;border-radius: 5px !important;}&#8221; woodmart_inline=&#8221;no&#8221;]<\/p>\n<h2><strong>1. DOSTAWA<\/strong><\/h2>\n<p style=\"font-weight: 400;\">Dostawca dostarczy towar lub us\u0142ug\u0119 w uzgodnionym terminie.<br \/>\nPartnerem umownym w zakresie dostawy przesy\u0142ek jest GLS.<br \/>\nCeny artyku\u0142\u00f3w podane na stronie nie uwzgl\u0119dniaj\u0105 koszt\u00f3w przesy\u0142ki. Op\u0142ata pocztowa jest obliczana przed z\u0142o\u017ceniem zam\u00f3wienia i jest wyra\u017anie widoczna dla u\u017cytkownika. Zamawia\u0107<\/p>\n<p>&nbsp;<\/p>\n<p>&nbsp;<\/p>\n<table style=\"height: 179px;\" border=\"1\" width=\"468\" cellspacing=\"0\" cellpadding=\"0\">\n<tbody>\n<tr>\n<td width=\"115\">Warto\u015b\u0107 zakupu<\/td>\n<td width=\"115\">\n<p align=\"center\">do 1 szt<\/p>\n<\/td>\n<\/tr>\n<tr>\n<td width=\"115\">Dostawa<\/td>\n<td width=\"115\">\n<p align=\"center\">5,50 \u20ac<\/p>\n<\/td>\n<\/tr>\n<tr>\n<td width=\"115\">Kolekcja osobista<\/td>\n<td colspan=\"2\" width=\"345\">\n<p align=\"center\">bez dodatkowych koszt\u00f3w<\/p>\n<\/td>\n<\/tr>\n<\/tbody>\n<\/table>\n<p><span lang=\"SL\">Dostawca przejmuje ryzyko transportu. Wszelkie uszkodzenia lub braki ilo\u015bciowe u\u017cytkownik musi zg\u0142osi\u0107 pisemnie najp\u00f3\u017aniej w ci\u0105gu 8 dni od otrzymania towaru.<\/span>[\/vc_column_text][vc_column_text text_larger=&#8221;no&#8221; el_class=&#8221;center-zasebnosti-bloki&#8221; css=&#8221;.vc_custom_1711453217705{padding-top: 20px !important;padding-right: 20px !important;padding-bottom: 20px !important;padding-left: 20px !important;background-color: #ffffff !important;border-radius: 5px !important;}&#8221; woodmart_inline=&#8221;no&#8221;]<\/p>\n<h2><strong>2. SPOSOBY P\u0141ATNO\u015aCI<\/strong><\/h2>\n<p>Za zam\u00f3wione produkty mo\u017cesz zap\u0142aci\u0107 na kilka sposob\u00f3w:<\/p>\n<ol>\n<li>p\u0142atno\u015b\u0107 kart\u0105 kredytow\u0105<\/li>\n<li>p\u0142atno\u015b\u0107 na podstawie faktury zaliczkowej<\/li>\n<li>p\u0142atno\u015b\u0107 przy odbiorze (przy odbiorze)<\/li>\n<li>Paypal<\/li>\n<\/ol>\n<p>&nbsp;<\/p>\n<p><strong>P\u0142atno\u015b\u0107 kart\u0105 p\u0142atnicz\u0105<\/strong><\/p>\n<p>Umo\u017cliwia p\u0142atno\u015b\u0107 wi\u0119kszo\u015bci\u0105 kart kredytowych i debetowych (Visa, American Express, MasterCard&#8230;) 24 godziny na dob\u0119.<\/p>\n<p><strong>P\u0142atno\u015b\u0107 na podstawie faktury zaliczkowej<\/strong><\/p>\n<p>Je\u017celi zdecydujesz si\u0119 na t\u0119 form\u0119 p\u0142atno\u015bci, faktur\u0119 proforma wy\u015blemy Ci na Tw\u00f3j adres e-mail podczas dokonywania zakup\u00f3w w sklepie internetowym. Mo\u017cna to rozliczy\u0107 za po\u015brednictwem bankowo\u015bci internetowej, w banku lub na poczcie. Po dokonaniu p\u0142atno\u015bci mo\u017cesz przes\u0142a\u0107 nam potwierdzenie wp\u0142aty na adres e-mail <a href=\"mailto:oprema.tonko@gmail.com\">oprema.tonko@gmail.com<\/a> i tym samym umo\u017cliwi\u0107 szybsz\u0105 realizacj\u0119 Twojego zam\u00f3wienia. Po otrzymaniu p\u0142atno\u015bci wysy\u0142amy do Ciebie zam\u00f3wione i op\u0142acone produkty.<\/p>\n<p><img loading=\"lazy\" decoding=\"async\" class=\"alignnone wp-image-3056 size-full\" src=\"https:\/\/www.racunovodstvo-mtbiro.si\/wp-content\/uploads\/2020\/05\/furs_badge.jpg\" alt=\"\" width=\"250\" height=\"357\" \/>[\/vc_column_text][\/vc_column][\/vc_row]<\/p>\n<\/div>","protected":false},"excerpt":{"rendered":"<p>[vc_row full_width=&#8221;stretch_row&#8221; css=&#8221;.vc_custom_1590550621480{margin-top: -40px !important;padding-top: 4vh !important;background-color: #f5f5f5 !important;}&#8221; mobile_bg_img_hidden=&#8221;no&#8221; tablet_bg_img_hidden=&#8221;no&#8221; woodmart_parallax=&#8221;0&#8243; woodmart_gradient_switch=&#8221;no&#8221; row_reverse_mobile=&#8221;0&#8243; row_reverse_tablet=&#8221;0&#8243; woodmart_disable_overflow=&#8221;0&#8243;][vc_column][vc_column_text text_larger=&#8221;no&#8221; el_class=&#8221;center-zasebnosti-bloki&#8221; css=&#8221;.vc_custom_1711453444086{padding-top: 20px<\/p>\n","protected":false},"author":230,"featured_media":0,"parent":0,"menu_order":0,"comment_status":"closed","ping_status":"closed","template":"","meta":{"rs_blank_template":"","rs_page_bg_color":"","slide_template_v7":"","inline_featured_image":false,"footnotes":""},"class_list":["post-14357","page","type-page","status-publish","hentry"],"_links":{"self":[{"href":"https:\/\/tonko.si\/pl\/wp-json\/wp\/v2\/pages\/14357","targetHints":{"allow":["GET"]}}],"collection":[{"href":"https:\/\/tonko.si\/pl\/wp-json\/wp\/v2\/pages"}],"about":[{"href":"https:\/\/tonko.si\/pl\/wp-json\/wp\/v2\/types\/page"}],"author":[{"embeddable":true,"href":"https:\/\/tonko.si\/pl\/wp-json\/wp\/v2\/users\/230"}],"replies":[{"embeddable":true,"href":"https:\/\/tonko.si\/pl\/wp-json\/wp\/v2\/comments?post=14357"}],"version-history":[{"count":4,"href":"https:\/\/tonko.si\/pl\/wp-json\/wp\/v2\/pages\/14357\/revisions"}],"predecessor-version":[{"id":14609,"href":"https:\/\/tonko.si\/pl\/wp-json\/wp\/v2\/pages\/14357\/revisions\/14609"}],"wp:attachment":[{"href":"https:\/\/tonko.si\/pl\/wp-json\/wp\/v2\/media?parent=14357"}],"curies":[{"name":"wp","href":"https:\/\/api.w.org\/{rel}","templated":true}]}}