{"id":14318,"date":"2022-07-04T11:23:02","date_gmt":"2022-07-04T11:23:02","guid":{"rendered":"https:\/\/tonko.si\/o-firmie\/"},"modified":"2025-01-21T12:23:48","modified_gmt":"2025-01-21T12:23:48","slug":"o-firmie","status":"publish","type":"page","link":"https:\/\/tonko.si\/pl\/o-firmie\/","title":{"rendered":"O firmie"},"content":{"rendered":"<div class=\"wpb-content-wrapper\"><p>[vc_row content_placement=&#8221;top&#8221; row_reverse_mobile=&#8221;0&#8243; css=&#8221;.vc_custom_1663827712335{margin-bottom: 0px !important;}&#8221; woodmart_css_id=&#8221;632bfefb76043&#8243; responsive_spacing=&#8221;eyJwYXJhbV90eXBlIjoid29vZG1hcnRfcmVzcG9uc2l2ZV9zcGFjaW5nIiwic2VsZWN0b3JfaWQiOiI2MzJiZmVmYjc2MDQzIiwic2hvcnRjb2RlIjoidmNfcm93IiwiZGF0YSI6eyJ0YWJsZXQiOnt9LCJtb2JpbGUiOnsibWFyZ2luLWJvdHRvbSI6IjIwcHgifX19&#8243; mobile_bg_img_hidden=&#8221;no&#8221; tablet_bg_img_hidden=&#8221;no&#8221; woodmart_parallax=&#8221;0&#8243; woodmart_gradient_switch=&#8221;no&#8221; row_reverse_tablet=&#8221;0&#8243; woodmart_disable_overflow=&#8221;0&#8243; woodmart_box_shadow=&#8221;no&#8221; wd_z_index=&#8221;no&#8221;][vc_column offset=&#8221;vc_col-lg-7 vc_col-md-6&#8243; css=&#8221;.vc_custom_1660305388582{margin-bottom: 40px !important;}&#8221; woodmart_css_id=&#8221;62f63fe9a2048&#8243; responsive_spacing=&#8221;eyJwYXJhbV90eXBlIjoid29vZG1hcnRfcmVzcG9uc2l2ZV9zcGFjaW5nIiwic2VsZWN0b3JfaWQiOiI2MmY2M2ZlOWEyMDQ4Iiwic2hvcnRjb2RlIjoidmNfY29sdW1uIiwiZGF0YSI6eyJ0YWJsZXQiOnt9LCJtb2JpbGUiOnt9fX0=&#8221; parallax_scroll=&#8221;no&#8221; mobile_bg_img_hidden=&#8221;no&#8221; tablet_bg_img_hidden=&#8221;no&#8221; woodmart_parallax=&#8221;0&#8243; woodmart_sticky_column=&#8221;false&#8221; mobile_reset_margin=&#8221;no&#8221; tablet_reset_margin=&#8221;no&#8221; wd_collapsible_content_switcher=&#8221;no&#8221; woodmart_box_shadow=&#8221;no&#8221; wd_z_index=&#8221;no&#8221;]\n\t\t<div id=\"wd-632bfb9a93a4d\" class=\"title-wrapper wd-wpb set-mb-s reset-last-child  wd-rs-632bfb9a93a4d wd-title-color-default wd-title-style-default text-left vc_custom_1663826853686 wd-width-custom wd-underline-colored\">\n\t\t\t\n\t\t\t<div class=\"liner-continer\">\n\t\t\t\t<h4 class=\"woodmart-title-container title  wd-font-weight- wd-fontsize-l\" ><u>Sprz\u0119t pszczelarski Tonko<\/u><\/h4>\n\t\t\t\t\t\t\t<\/div>\n\t\t\t\n\t\t\t\n\t\t\t\n\t\t<\/div>\n\t\t\n\t\t\t\t<div id=\"wd-65c393429297b\" class=\"wd-text-block wd-wpb reset-last-child wd-rs-65c393429297b text-left wd-fontsize-custom vc_custom_1707316051934\">\n\t\t\t<h3><strong>POCZ\u0104TKI<\/strong><\/h3>\n<p>Pocz\u0105tki naszego pszczelarstwa si\u0119gaj\u0105 2008 roku, kiedy to rozpocz\u0119li\u015bmy hodowl\u0119 czterech rodzin pszczelich W ci\u0105gu kilku lat pszczelarstwo rozros\u0142o si\u0119 do 40 rodzin ekonomicznych i 12 rodzin rezerwowych. W okresie przygotowa\u0144 do ponownego rozwoju pszczelarstwa rozwin\u0119\u0142a si\u0119 u mnie bardzo silna reakcja alergiczna na jad pszczeli. Reakcje na plamy by\u0142y zagra\u017caj\u0105ce \u017cyciu, co zmusi\u0142o mnie do zaprzestania bycia aktywnym pszczelarzem.<\/p>\n<h3>SZUKANIE ROZWI\u0104ZA\u0143<\/h3>\n<p>Pierwsza wiosna bez pszcz\u00f3\u0142 u\u015bwiadomi\u0142a mi, \u017ce pszczo\u0142y s\u0105 nieodzown\u0105 cz\u0119\u015bci\u0105 mojego \u017cycia i \u017ce nie mog\u0119 si\u0119 bez nich obej\u015b\u0107. Zacz\u0105\u0142em aktywnie szuka\u0107 rozwi\u0105zania mojego problemu z alergi\u0105. Pojawi\u0142y si\u0119 dwa rozwi\u0105zania: leczenie lub upewnienie si\u0119, \u017ce u\u017c\u0105dlenie nigdy nie nast\u0105pi. Leczenie jest do\u015b\u0107 czasoch\u0142onne i chcia\u0142em znale\u017a\u0107 rozwi\u0105zanie tak szybko, jak to mo\u017cliwe. A wi\u0119c konieczne by\u0142o znalezienie kombinezonu, kt\u00f3ry chroni\u0142by mnie przed u\u017c\u0105dleniami.<\/p>\n<h3>KT\u00d3RY JEST W\u0141A\u015aCIWY<\/h3>\n<p>Podczas badania rynku szybko zda\u0142em sobie spraw\u0119, \u017ce w S\u0142owenii nie ma odpowiedniego rozwi\u0105zania. Podejrza\u0142em kombinezon u mojej przyjaci\u00f3\u0142ki, kt\u00f3ra kupi\u0142a go na targach w Niemczech. By\u0142 zupe\u0142nie inny od wszystkiego, co znali\u015bmy w tamtym czasie, wykonany z trzech warstw materia\u0142u dystansowego. W tamtych czasach nie by\u0142o \u0142atwo kupi\u0107 taki str\u00f3j, poniewa\u017c poda\u017c praktycznie nie istnia\u0142a. Cena r\u00f3wnie\u017c by\u0142a niewyobra\u017calnie wysoka.<\/p>\n<h3>PIERWSZE POSZUKIWANIA<\/h3>\n<p>Zam\u00f3wi\u0142em swoje pierwsze pr\u00f3bki kombinezon\u00f3w z Pakistanu. Natychmiast po otwarciu paczki &#8211; rozczarowanie. Kombinezon nie by\u0142 nawet zbli\u017cona do tego, czego oczekiwa\u0142am. Zdarzy\u0142o si\u0119 to jeszcze dwa razy, wi\u0119c potrzebowa\u0142em zmiany strategii. Znajomy z zagranicy da\u0142 mi kontakt do producenta, kt\u00f3ry by\u0142 godny zaufania. Um\u00f3wili\u015bmy si\u0119 na dostaw\u0119 testow\u0105. Pr\u00f3bki by\u0142y doskona\u0142e i od razu rozpocz\u0119li\u015bmy wsp\u00f3\u0142prac\u0119.<\/p>\n<h3>WSP\u00d3\u0141PRACA I ROZW\u00d3J<\/h3>\n<p>Wprowadzili\u015bmy na rynek odzie\u017c pszczelarsk\u0105, kt\u00f3ra dla wi\u0119kszo\u015bci ludzi by\u0142a absolutn\u0105 nowo\u015bci\u0105 i z pocz\u0105tku cz\u0119sto by\u0142a wy\u015bmiewana. Zacz\u0119li\u015bmy od bia\u0142ych kombinezn\u00f3w, p\u00f3\u017aniej dodaj\u0105c br\u0105zowe, \u017c\u00f3\u0142te, r\u00f3\u017cowe itp. Mamy osobiste relacje z naszymi klientami i jeste\u015bmy w stanie wys\u0142ucha\u0107 ka\u017cdego pomys\u0142u, kt\u00f3ry przynosi post\u0119p. Stale ulepszamy nasz\u0105 odzie\u017c, dlatego niemal\u017ce ka\u017cda nowa partia ma pewne ulepszenia. Obecnie udzia\u0142 sprzeda\u017cy tr\u00f3jwarstwowych kombinezon\u00f3w pszczelarskich wynosi ponad 90% w kategorii pszczelarskiego sprz\u0119tu ochronnego.<\/p>\n<h3>OFERTA<\/h3>\n<p>Nadal oferujemy t\u0119 sam\u0105 lini\u0119 odzie\u017cy pszczelarskiej, co kiedy\u015b. Nazywa si\u0119 linia KLASIK i jest dost\u0119pna w r\u00f3\u017cnych kolorach. S\u0105 kurtki i kombinezony, a tak\u017ce kombinezony dla dzieci. Dominuj\u0105cym asortymentem s\u0105 tr\u00f3jwarstwowe kombinezony ochronne z siatki &#8211; 3D, kt\u00f3re s\u0105 dost\u0119pne w r\u00f3\u017cnych kolorach, z kombinezonem typu 'kosmonauta&#8217; lub okr\u0105g\u0142ym kapeluszem. Dost\u0119pne s\u0105 r\u00f3wnie\u017c kombinezony, kamizelki i spodnie. Wszystkie nasze produkty s\u0105 dost\u0119pne w rozmiarach od XS (dla wzrostu do 160 cm) do 4XL (dla wzrostu do 210 cm).<\/p>\n<h3>KORZY\u015aCI<\/h3>\n<p>G\u0142\u00f3wnymi zaletami kombinezon\u00f3w z siatki dystansowej (materia\u0142 3D) jest naprawd\u0119 wysoki poziom ochrony przed u\u017c\u0105dleniami. Oczywi\u015bcie zawsze istnieje mo\u017cliwo\u015b\u0107 u\u017c\u0105dlenia, ale dzi\u0119ki zastosowaniu tego kombinezonu mo\u017cliwo\u015b\u0107 ta jest bardzo ograniczona. Kolejn\u0105 wa\u017cn\u0105 zalet\u0105 kombinezonu 3D jest jego oddychalno\u015b\u0107, kt\u00f3ra umo\u017cliwia normaln\u0105 prac\u0119 nawet w najgor\u0119tsze dni. Oddychaj\u0105cy materia\u0142 siatkowy odprowadza pot z cia\u0142a i zapewnia uczucie wentylatora nawet podczas szybszego chodzenia lub przy lekkim wietrze.<\/p>\n<h3>NOWO\u015aCI<\/h3>\n<p>Mo\u017cna \u015bmia\u0142o powiedzie\u0107, \u017ce mamy najwi\u0119kszy wyb\u00f3r kombinezon\u00f3w pszczelarskich, zar\u00f3wno pod wzgl\u0119dem wzornictwa, koloru, jak i rozmiaru. Ci\u0119\u017cko pracujemy, aby upewni\u0107 si\u0119, \u017ce nasi klienci s\u0105 zadowoleni i maj\u0105 wyb\u00f3r, dlatego stale dodajemy nowe produkty i dalej rozwijamy istniej\u0105ce.<\/p>\n<p><strong>NA POCZ\u0104TKU POD\u0104\u017bALI\u015aMY ZA NOWO\u015aCIAMI, TERAZ TWORZYMY NOWO\u015aCI I TRENDY!<\/strong><\/p>\n\t\t<\/div>\n\t\t[vc_row_inner][vc_column_inner]<div id=\"wd-678f91ca2f4ea\" class=\" wd-rs-678f91ca2f4ea  wd-button-wrapper text-left\"><a href=\"https:\/\/tonko.si\/pl\/kontakt\/\" title=\"\" class=\"btn btn-color-primary btn-style-default btn-style-semi-round btn-size-default\">Kontakt<\/a><\/div>[\/vc_column_inner][\/vc_row_inner][\/vc_column][vc_column offset=&#8221;vc_col-lg-5 vc_col-md-6&#8243; css=&#8221;.vc_custom_1660305381982{margin-bottom: 40px !important;}&#8221; woodmart_css_id=&#8221;62f63fdf8cc90&#8243; responsive_spacing=&#8221;eyJwYXJhbV90eXBlIjoid29vZG1hcnRfcmVzcG9uc2l2ZV9zcGFjaW5nIiwic2VsZWN0b3JfaWQiOiI2MmY2M2ZkZjhjYzkwIiwic2hvcnRjb2RlIjoidmNfY29sdW1uIiwiZGF0YSI6eyJ0YWJsZXQiOnsibWFyZ2luLWJvdHRvbSI6IjEwMHB4In0sIm1vYmlsZSI6e319fQ==&#8221; parallax_scroll=&#8221;no&#8221; mobile_bg_img_hidden=&#8221;no&#8221; tablet_bg_img_hidden=&#8221;no&#8221; woodmart_parallax=&#8221;0&#8243; woodmart_sticky_column=&#8221;false&#8221; mobile_reset_margin=&#8221;no&#8221; tablet_reset_margin=&#8221;no&#8221; wd_collapsible_content_switcher=&#8221;no&#8221; woodmart_box_shadow=&#8221;no&#8221; wd_z_index=&#8221;no&#8221;]\t\t<div id=\"wd-632bfedcd19d0\" class=\"wd-image wd-wpb wd-rs-632bfedcd19d0 text-center  photoswipe-images\">\n\t\t\t\t\t\t\t<a href=\"https:\/\/tonko.si\/wp-content\/uploads\/2022\/09\/onas-desno-slika2.jpg\"  data-width=\"480\" data-height=\"400\">\n\t\t\t\n\t\t\t<img loading=\"lazy\" decoding=\"async\" width=\"480\" height=\"400\" src=\"https:\/\/tonko.si\/wp-content\/uploads\/2022\/09\/onas-desno-slika2.jpg\" class=\"attachment-full\" alt=\"\" title=\"onas-desno-slika2\" srcset=\"https:\/\/tonko.si\/wp-content\/uploads\/2022\/09\/onas-desno-slika2.jpg 480w, https:\/\/tonko.si\/wp-content\/uploads\/2022\/09\/onas-desno-slika2-360x300.jpg 360w, https:\/\/tonko.si\/wp-content\/uploads\/2022\/09\/onas-desno-slika2-430x358.jpg 430w, https:\/\/tonko.si\/wp-content\/uploads\/2022\/09\/onas-desno-slika2-150x125.jpg 150w\" sizes=\"auto, (max-width: 480px) 100vw, 480px\" \/>\n\t\t\t\t\t\t\t<\/a>\n\t\t\t\t\t<\/div>\n\t\t[\/vc_column][\/vc_row]<\/p>\n<\/div>","protected":false},"excerpt":{"rendered":"<p>[vc_row content_placement=&#8221;top&#8221; row_reverse_mobile=&#8221;0&#8243; css=&#8221;.vc_custom_1663827712335{margin-bottom: 0px !important;}&#8221; woodmart_css_id=&#8221;632bfefb76043&#8243; responsive_spacing=&#8221;eyJwYXJhbV90eXBlIjoid29vZG1hcnRfcmVzcG9uc2l2ZV9zcGFjaW5nIiwic2VsZWN0b3JfaWQiOiI2MzJiZmVmYjc2MDQzIiwic2hvcnRjb2RlIjoidmNfcm93IiwiZGF0YSI6eyJ0YWJsZXQiOnt9LCJtb2JpbGUiOnsibWFyZ2luLWJvdHRvbSI6IjIwcHgifX19&#8243; mobile_bg_img_hidden=&#8221;no&#8221; tablet_bg_img_hidden=&#8221;no&#8221; woodmart_parallax=&#8221;0&#8243; woodmart_gradient_switch=&#8221;no&#8221; row_reverse_tablet=&#8221;0&#8243; woodmart_disable_overflow=&#8221;0&#8243; woodmart_box_shadow=&#8221;no&#8221; wd_z_index=&#8221;no&#8221;][vc_column offset=&#8221;vc_col-lg-7 vc_col-md-6&#8243; css=&#8221;.vc_custom_1660305388582{margin-bottom: 40px<\/p>\n","protected":false},"author":230,"featured_media":0,"parent":0,"menu_order":0,"comment_status":"closed","ping_status":"closed","template":"","meta":{"rs_blank_template":"","rs_page_bg_color":"","slide_template_v7":"","inline_featured_image":false,"footnotes":""},"class_list":["post-14318","page","type-page","status-publish","hentry"],"_links":{"self":[{"href":"https:\/\/tonko.si\/pl\/wp-json\/wp\/v2\/pages\/14318","targetHints":{"allow":["GET"]}}],"collection":[{"href":"https:\/\/tonko.si\/pl\/wp-json\/wp\/v2\/pages"}],"about":[{"href":"https:\/\/tonko.si\/pl\/wp-json\/wp\/v2\/types\/page"}],"author":[{"embeddable":true,"href":"https:\/\/tonko.si\/pl\/wp-json\/wp\/v2\/users\/230"}],"replies":[{"embeddable":true,"href":"https:\/\/tonko.si\/pl\/wp-json\/wp\/v2\/comments?post=14318"}],"version-history":[{"count":3,"href":"https:\/\/tonko.si\/pl\/wp-json\/wp\/v2\/pages\/14318\/revisions"}],"predecessor-version":[{"id":14616,"href":"https:\/\/tonko.si\/pl\/wp-json\/wp\/v2\/pages\/14318\/revisions\/14616"}],"wp:attachment":[{"href":"https:\/\/tonko.si\/pl\/wp-json\/wp\/v2\/media?parent=14318"}],"curies":[{"name":"wp","href":"https:\/\/api.w.org\/{rel}","templated":true}]}}