{"id":14300,"date":"2023-07-14T15:29:54","date_gmt":"2023-07-14T15:29:54","guid":{"rendered":"https:\/\/tonko.si\/trgovina\/cebelarski-kombinezon-klasik-rumena-barva\/"},"modified":"2023-07-14T15:29:54","modified_gmt":"2023-07-14T15:29:54","slug":"cebelarski-kombinezon-klasik-rumena-barva","status":"publish","type":"product","link":"https:\/\/tonko.si\/it\/negozio\/cebelarski-kombinezon-klasik-rumena-barva\/","title":{"rendered":"\u010cebelarski kombinezon klasik \u2013 Rumena Barva"},"content":{"rendered":"<p>La taglia della tuta o della giacca pu\u00f2 essere selezionata utilizzando la tabella sottostante. La tabella pu\u00f2 essere di aiuto, ma se la dimensione non \u00e8 adatta, provvederemo a sostituirla con un&#8217;altra taglia selezionata.<\/p>\n<table class=\"prod_spec\">\n<tbody>\n<tr>\n<td class=\"left\">Taglia<\/td>\n<td>XS<\/td>\n<td>S<\/td>\n<td>M<\/td>\n<td>L<\/td>\n<td>XL<\/td>\n<td>XXL<\/td>\n<td>XXXL<\/td>\n<\/tr>\n<tr>\n<td class=\"left\">Altezza del corpo<\/td>\n<td>fino a160<\/td>\n<td>160-168<\/td>\n<td>168-175<\/td>\n<td>175-182<\/td>\n<td>182-186<\/td>\n<td>186-191<\/td>\n<td>191 e pi\u00f9<\/td>\n<\/tr>\n<tr>\n<td class=\"left\">Numero di confezione<\/td>\n<td>40<\/td>\n<td>44<\/td>\n<td>48<\/td>\n<td>52<\/td>\n<td>56<\/td>\n<td>60<\/td>\n<td>64<\/td>\n<\/tr>\n<\/tbody>\n<\/table>\n<p>Se desideri cambiare la tuta protettiva consegnata con un&#8217;altra, faccelo sapere e quando verr\u00e0 consegnata l&#8217;altra, il corriere ritirer\u00e0 quella che desideri restituire.<\/p>\n<p>Ena zamenjava je brezpla\u010dna.<\/p>\n","protected":false},"excerpt":{"rendered":"<p>Opzione cappello rotondo<\/p>\n<p>\u2022 Protezione funzionale di tutto il corpo<br \/>\n\u2022 Estremit\u00e0 elastica delle maniche e dei pantaloni<br \/>\n\u2022 Tasche utili<br \/>\n\u2022 Produzione di qualit\u00e0<br \/>\n\u2022 Colore bianco<br \/>\n\u2022 Cappello o tuta da apicoltori completamente intercambiabili<br \/>\n\u2022 Facile vestizione grazie all&#8217;apertura della cerniera<br \/>\n\u2022 Taglie disponibili da XL, 2XL<br \/>\n\u2022 Controllare la taglia nella tabella sottostante<\/p>\n","protected":false},"featured_media":13938,"template":"","meta":{"rs_blank_template":"","rs_page_bg_color":"","slide_template_v7":"","inline_featured_image":false},"product_brand":[],"product_cat":[407,471],"product_tag":[],"class_list":{"0":"post-14300","1":"product","2":"type-product","3":"status-publish","4":"has-post-thumbnail","6":"product_cat-dispositivi-di-protezione","7":"product_cat-tute-da-apicoltura","8":"product_shipping_class-visja-dostava","10":"first","11":"outofstock","12":"shipping-taxable","13":"purchasable","14":"product-type-variable"},"_links":{"self":[{"href":"https:\/\/tonko.si\/it\/wp-json\/wp\/v2\/product\/14300","targetHints":{"allow":["GET"]}}],"collection":[{"href":"https:\/\/tonko.si\/it\/wp-json\/wp\/v2\/product"}],"about":[{"href":"https:\/\/tonko.si\/it\/wp-json\/wp\/v2\/types\/product"}],"wp:featuredmedia":[{"embeddable":true,"href":"https:\/\/tonko.si\/it\/wp-json\/wp\/v2\/media\/13938"}],"wp:attachment":[{"href":"https:\/\/tonko.si\/it\/wp-json\/wp\/v2\/media?parent=14300"}],"wp:term":[{"taxonomy":"product_brand","embeddable":true,"href":"https:\/\/tonko.si\/it\/wp-json\/wp\/v2\/product_brand?post=14300"},{"taxonomy":"product_cat","embeddable":true,"href":"https:\/\/tonko.si\/it\/wp-json\/wp\/v2\/product_cat?post=14300"},{"taxonomy":"product_tag","embeddable":true,"href":"https:\/\/tonko.si\/it\/wp-json\/wp\/v2\/product_tag?post=14300"}],"curies":[{"name":"wp","href":"https:\/\/api.w.org\/{rel}","templated":true}]}}