{"id":13908,"date":"2023-07-14T16:00:18","date_gmt":"2023-07-14T16:00:18","guid":{"rendered":"https:\/\/tonko.si\/trgovina\/otroske-cebelarske-rokavice-rjava-barva\/"},"modified":"2025-01-17T13:00:22","modified_gmt":"2025-01-17T13:00:22","slug":"otroske-cebelarske-rokavice-rjava-barva","status":"publish","type":"product","link":"https:\/\/tonko.si\/it\/negozio\/otroske-cebelarske-rokavice-rjava-barva\/","title":{"rendered":"Otro\u0161ke \u010debelarske rokavice &#8211; Rjava barva"},"content":{"rendered":"","protected":false},"excerpt":{"rendered":"<p>Otro\u0161ke \u010debelarske rokavice iz treh slojev mre\u017eastega materiala \u2013 BARVA RJAVA<\/p>\n<ul>\n<li>I palmi dei guanti da apicoltura sono realizzati in morbida pelle bovina di alta qualit\u00e0<\/li>\n<li>Il resto del guanto \u00e8 costituito da tre strati di materiale a rete con uno spessore totale di 4 mm<\/li>\n<li>I guanti sono traspiranti e offrono un&#8217;ottima protezione contro le punture delle api<\/li>\n<li>Elastico regolabile all&#8217;estremit\u00e0 della manica per una vestibilit\u00e0 ottimale<\/li>\n<li>Taglie disponibili da XXXS, XXS, XS<\/li>\n<\/ul>\n","protected":false},"featured_media":13919,"template":"","meta":{"rs_blank_template":"","rs_page_bg_color":"","slide_template_v7":"","inline_featured_image":false},"product_brand":[],"product_cat":[407,477],"product_tag":[],"class_list":{"0":"post-13908","1":"product","2":"type-product","3":"status-publish","4":"has-post-thumbnail","6":"product_cat-dispositivi-di-protezione","7":"product_cat-guanti-da-apicoltura","9":"first","10":"instock","11":"shipping-taxable","12":"purchasable","13":"product-type-variable"},"_links":{"self":[{"href":"https:\/\/tonko.si\/it\/wp-json\/wp\/v2\/product\/13908","targetHints":{"allow":["GET"]}}],"collection":[{"href":"https:\/\/tonko.si\/it\/wp-json\/wp\/v2\/product"}],"about":[{"href":"https:\/\/tonko.si\/it\/wp-json\/wp\/v2\/types\/product"}],"wp:featuredmedia":[{"embeddable":true,"href":"https:\/\/tonko.si\/it\/wp-json\/wp\/v2\/media\/13919"}],"wp:attachment":[{"href":"https:\/\/tonko.si\/it\/wp-json\/wp\/v2\/media?parent=13908"}],"wp:term":[{"taxonomy":"product_brand","embeddable":true,"href":"https:\/\/tonko.si\/it\/wp-json\/wp\/v2\/product_brand?post=13908"},{"taxonomy":"product_cat","embeddable":true,"href":"https:\/\/tonko.si\/it\/wp-json\/wp\/v2\/product_cat?post=13908"},{"taxonomy":"product_tag","embeddable":true,"href":"https:\/\/tonko.si\/it\/wp-json\/wp\/v2\/product_tag?post=13908"}],"curies":[{"name":"wp","href":"https:\/\/api.w.org\/{rel}","templated":true}]}}