{"id":14577,"date":"2020-05-26T08:29:17","date_gmt":"2020-05-26T08:29:17","guid":{"rendered":"https:\/\/tonko.si\/condizioni-generali\/"},"modified":"2025-01-21T12:18:08","modified_gmt":"2025-01-21T12:18:08","slug":"condizioni-generali","status":"publish","type":"page","link":"https:\/\/tonko.si\/it\/condizioni-generali\/","title":{"rendered":"Condizioni generali"},"content":{"rendered":"<h2><b>1. SPLO\u0160NI POGOJI POSLOVANJA TRGOVINE<\/b><\/h2>\n<p style=\"font-weight: 400;\">Spletno mesto Tonko, \u010debelarska oprema, Anton Urek s.p. vsebuje spletno trgovino in spletno stran, ki deluje v skladu z Zakonom o varstvu potro\u0161nikov. Ob prijavi v sistem obiskovalec pridobi uporabni\u0161ko ime in geslo, s katerima ob vsakem obisku spletnega mesta lahko dostopa tudi do svojega ra\u010duna (Uporabni\u0161ki profil) oz. pridobi pravico do nakupa. Uporabni\u0161ko ime in geslo se uporabnika nedvoumno dolo\u010data in povezujeta z vnesenimi podatki. Splo\u0161ni pogoji poslovanja obravnavajo delovanje spletne trgovine, pravice uporabnika ter poslovni odnos med lastnikom spletne trgovine, ponudniki artiklov in potro\u0161nikom.<\/p>\n<p style=\"font-weight: 400;\">Sklenitev pogodbe je mo\u017ena samo v slovenskem jeziku.<\/p>\n<h2><b>2. CENE IN A\u017dURNOST PODATKOV<\/b><\/h2>\n<p><span lang=\"SL\">Vse cene so v EUR in vsebujejo predpisani DDV. Cene veljajo do objave novih cen na spletni strani Tonko, \u010debelarska oprema, Anton Urek s.p. <\/span><span lang=\"SL\">. Ponudnik sku\u0161a \u010dim bolje skrbeti za a\u017eurnost in pravilnost podatkov, ki so navedeni na spletu. Kljub temu pa se lastnosti artiklov, dobavni rok in cena spreminjajo, tako da obstaja mo\u017enost, da ponudnik ne utegne so\u010dasno s spremembo popraviti podatkov na spletnih straneh. V takem primeru se kupca obvesti o spremembah ter omogo\u010di preklic ali zamenjavo naro\u010denega artikla. V primeru, da se cena artikla tekom obdelave naro\u010dila spremeni, bo ponudnik kupca o tem obvestil. Ponudnik bo po svojih najbolj\u0161ih mo\u010deh sku\u0161al v vsakem primeru kupcu zagotoviti ni\u017ejo ceno oz. ponuditi ustrezno re\u0161itev, ki bo \u0161la v obojestransko zadovoljstvo. Po\u0161iljamo preko Po\u0161te Slovenije v dogovorjenem roku. <\/span><\/p>\n<h2><strong>3. NARO\u010cANJE<\/strong><\/h2>\n<p>Naro\u010danje poteka prek interneta 24 ur na dan, vse dni v letu. Potro\u0161nik izbira in naro\u010di izdelke, ki so mu na voljo v spletni trgovini, razvr\u0161\u010dene v kategorijah. Po oddaji naro\u010dila kupec prejme obvestilo po elektronski po\u0161ti, da je naro\u010dilo sprejeto. V njem so navedeni izdelki in koli\u010dine, ki jih je kupec izbral. Kupcu so iz\u010drpni podatki o statusu in vsebini naro\u010dila vselej dostopni v spletni trgovini v rubriki Profil obiskovalca (povezava Va\u0161 profil). O morebitni spremembi naro\u010dila oz. preklica, mora kupec o tem ponudnika obvestiti na email naslov oprema.tonko@gmail.com, kjer mora navesti tudi \u0161tevilko nakupa, ki je omenjena v elektronskem sporo\u010dilu o nakupu. Ponudnik v obljubljenem roku blago diskretno zapakira, odpo\u0161lje in o tem po elektronski po\u0161ti obvesti kupca. V omenjenem elektronskem sporo\u010dilu pou\u010di kupca tudi o politiki vra\u010danja blaga, kam se lahko obrne v primeru zamude pri dostavi in kam se lahko obrne v primeru prito\u017ebe. Podjetje Tonko, \u010debelarska oprema, Anton Urek s.p. se obvezuje varovati podatke o kupcih, ki jih pridobi v spletni trgovini in spletni strani Tonko, \u010debelarska oprema, Anton Urek s.p. in zbrane podatke uporabljati izklju\u010dno za izvedbo nakupov. Podatki o kupcih se varujejo v skladu z Zakonom o varstvu osebnih podatkov in se v nobenem primeru ne bodo posredovali tretjim osebam. Registracija in\/ali vpis osebnih podatkov v spletni trgovini in na spletni strani Tonko, \u010debelarska oprema, Anton Urek s.p. je izklju\u010dno potreben samo za pravilno izvajanje storitev spletne trgovine.<\/p>\n<h2><strong>5. PRAVICA DO ODSTOPA OD NAKUPA, VRA\u010cILO BLAGA<\/strong><\/h2>\n<p style=\"font-weight: 400;\">Kupec ima pravico, da v 14 dneh od prevzema blaga podjetju sporo\u010di, da odstopa od nakupa, ne da bi mu bilo potrebno navesti razlog za svojo odlo\u010ditev. \u0160teje se, da je sporo\u010dilo pravo\u010dasno, \u010de je po\u0161iljka oddana v roku. Edini stro\u0161ek, ki bremeni kupca v zvezi z odstopom od nakupa, je neposreden stro\u0161ek vra\u010dila blaga. Slednjega mora vrniti podjetju najkasneje v 14 dneh po sporo\u010dilu o odstopu. \u010ce je kupec odstopil od nakupa, mu mora podjetje vrniti vsa opravljena pla\u010dila. Vra\u010dilo pla\u010dil mora podjetje opraviti takoj, ko je to mogo\u010de, najkasneje pa v 14 dneh po prejemu sporo\u010dila o odstopu pogodbe. \u010ce je podjetje zamudilo z vra\u010dilom vpla\u010dil, mora kupcu poleg zakonitih zamudnih obresti pla\u010dati \u0161e 1\/10 prejetih pla\u010dil za vsakih dopolnjenih 30 dni zamude pri vra\u010dilu. V primeru vra\u010dila artikla, mora kupec artikel pred predajo prevozniku ustrezno za\u0161\u010dititi. Artikel mora za\u0161\u010dititi z originalno embala\u017eo ali embala\u017eo, ki lahko artikel za\u0161\u010diti enako kot ga je originalna embala\u017ea. Stro\u0161ke po\u0161iljanja vedno krije po\u0161iljatelj, razen \u010de je vnaprej dogovorjeno druga\u010de. Po\u0161iljk z odkupnino ne sprejemamo.<\/p>\n<p style=\"font-weight: 400;\">Kupec nima pravice do odstopa od pogodbe pri naslednjih pogodbah:<\/p>\n<p style=\"font-weight: 400;\">&#8211; o blagu, ki je izdelano po natan\u010dnih navodilih potro\u0161nika in prilagojeno njegovim osebnim potrebam;<\/p>\n<p style=\"font-weight: 400;\">&#8211; pri katerih je kupec izrecno zahteval obisk podjetja na domu zaradi izvedbe nujnega popravila ali vzdr\u017eevanja.<\/p>\n<h2><strong>6. PRITO\u017dBE IN SPORI<\/strong><\/h2>\n<p style=\"font-weight: 400;\">Ponudnik spo\u0161tuje veljavno zakonodajo o varstvu potro\u0161nikov. Ponudnik se po vseh mo\u010deh trudi izpolnjevati svojo dol\u017enost vzpostaviti u\u010dinkovit sistem obravnavanja prito\u017eb in dolo\u010diti osebo, s katero se, v primeru te\u017eav, kupec lahko pove\u017ee telefonsko ali po elektronski po\u0161ti. Prito\u017eba se odda prek e-po\u0161tnega naslova oprema.tonko@gmail.com. Postopek obravnave prito\u017ebe je zaupen. Ponudnik se zaveda, da je bistvena zna\u010dilnost potro\u0161ni\u0161kega spora, vsaj kar zadeva sodno re\u0161evanje, njegova nesorazmernost med ekonomsko vrednostjo zahtevka in stro\u0161ki, ki nastanejo pri re\u0161evanju samega spora. To je tudi glavna ovira, da potro\u0161nik ne spro\u017ei spora pred sodi\u0161\u010dem. Zato se ponudnik prizadeva po svojih najbolj\u0161ih mo\u010deh, da se morebitni spori re\u0161ijo sporazumno.<\/p>\n<p style=\"font-weight: 400;\">Kupec lahko vlo\u017ei prito\u017ebo tudi preko platforme za <a href=\"https:\/\/ec.europa.eu\/consumers\/odr\/main\/index.cfm?event=main.home2.show&amp;lng=SL\">Spletno re\u0161evanje potro\u0161ni\u0161kih sporov<\/a>.<\/p>\n<h2><strong>7. IZVENSODNO RE\u0160EVANJE SPOROV<\/strong><\/h2>\n<p>Podjetje Tonko, \u010debelarska oprema, Anton Urek s.p. ne priznava nobenega izvajalca IRPS. Lastnik spletnega mesta Tonko, \u010debelarska oprema, Anton Urek s.p. zagotavlja varovanje osebnih podatkov, ki bodo uporabljeni izklju\u010dno v namene obve\u0161\u010danja o poteku naro\u010dila (v primeru, da obiskovalec v spletni trgovini opravi nakup) ter po\u0161iljanje reklamnega gradiva. Lastnik jam\u010di, da bodo podatki obiskovalcev in uporabnikov uporabljeni le v namen nemotenega poteka naro\u010dil in ne bodo predani tretji osebi. V primeru te\u017eav oz. nejasnosti pri uporabi spletnega mesta si lastnik spletnega mesta pridr\u017euje pravico do stika s potro\u0161nikom prek sredstev komunikacij na daljavo. Obiskovalec z izvedeno registracijo dovoljuje lastniku spletnega mesta zbiranje in uporabo osebnih podatkov, ki jih vnese pri registraciji. Vsi podatki, ki jih obiskovalec navede pri registraciji so namenjeni le poslovanju ponudnika, ki jih ne posreduje v druge namene ali tretji osebi. Trajno hranimo podatke, ki jih je obiskovalec vnesel ob registraciji v ra\u010dunalni\u0161ki sistem, ki je ustrezno varovan in za\u0161\u010diten. Ob morebitnem \u201cvdoru\u201d v ra\u010dunalni\u0161ki sistem ne nosimo odgovornosti!<\/p>\n<p style=\"font-weight: 400;\">Spletno mesto Tonko, \u010debelarska oprema, Anton Urek s.p. je v lasti podjetja Tonko, \u010debelarska oprema, Anton Urek s.p. Vse pravice so pridr\u017eane. Vsebine na spletnih straneh lahko vsebujejo gradivo, katerega avtorske pravice so lahko tudi last tretjih oseb. Zato je vsakr\u0161no posredovanje informacij iz spletnih strani dovoljeno samo s pismeno odobritvijo lastnika. Pridr\u017eujemo si pravico do spremembe pogojev brez predhodnega obvestila. Vsi artikli lahko vsebujejo reklamne nalepke na\u0161ega podjetja.<\/p>\n","protected":false},"excerpt":{"rendered":"<p>1. SPLO\u0160NI POGOJI POSLOVANJA TRGOVINE Spletno mesto Tonko, \u010debelarska oprema, Anton Urek s.p. vsebuje spletno trgovino in spletno stran, ki<\/p>\n","protected":false},"author":230,"featured_media":0,"parent":0,"menu_order":0,"comment_status":"closed","ping_status":"closed","template":"","meta":{"rs_blank_template":"","rs_page_bg_color":"","slide_template_v7":"","inline_featured_image":false,"footnotes":""},"class_list":["post-14577","page","type-page","status-publish","hentry"],"_links":{"self":[{"href":"https:\/\/tonko.si\/it\/wp-json\/wp\/v2\/pages\/14577","targetHints":{"allow":["GET"]}}],"collection":[{"href":"https:\/\/tonko.si\/it\/wp-json\/wp\/v2\/pages"}],"about":[{"href":"https:\/\/tonko.si\/it\/wp-json\/wp\/v2\/types\/page"}],"author":[{"embeddable":true,"href":"https:\/\/tonko.si\/it\/wp-json\/wp\/v2\/users\/230"}],"replies":[{"embeddable":true,"href":"https:\/\/tonko.si\/it\/wp-json\/wp\/v2\/comments?post=14577"}],"version-history":[{"count":2,"href":"https:\/\/tonko.si\/it\/wp-json\/wp\/v2\/pages\/14577\/revisions"}],"predecessor-version":[{"id":14613,"href":"https:\/\/tonko.si\/it\/wp-json\/wp\/v2\/pages\/14577\/revisions\/14613"}],"wp:attachment":[{"href":"https:\/\/tonko.si\/it\/wp-json\/wp\/v2\/media?parent=14577"}],"curies":[{"name":"wp","href":"https:\/\/api.w.org\/{rel}","templated":true}]}}