{"id":14570,"date":"2020-05-26T08:28:59","date_gmt":"2020-05-26T08:28:59","guid":{"rendered":"https:\/\/tonko.si\/sicurezza-e-privacy\/"},"modified":"2025-01-21T12:18:30","modified_gmt":"2025-01-21T12:18:30","slug":"sicurezza-e-privacy","status":"publish","type":"page","link":"https:\/\/tonko.si\/it\/sicurezza-e-privacy\/","title":{"rendered":"Sicurezza e privacy"},"content":{"rendered":"<div class=\"wpb-content-wrapper\"><p>[vc_row][vc_column][vc_column_text woodmart_inline=&#8221;no&#8221; text_larger=&#8221;no&#8221;]<\/p>\n<div class=\"wpb_text_column wpb_content_element vc_custom_1658223139810 center-zasebnosti-bloki\">\n<p>&nbsp;<\/p>\n<div class=\"wpb_wrapper\">\n<h3 dir=\"ltr\"><b>UVOD<\/b><\/h3>\n<p dir=\"ltr\">Izjava o varstvu osebnih podatkov velja za obdelavo vseh osebnih podatkov v podjetju Tonko, \u010debelarska oprema, Anton Urek s.p. (v nadaljevanju: podjetje), in vklju\u010duje podatke o uporabnikih, ki so izrazili \u017eeljo po sodelovanju (v nadaljevanju: uporabnik).<\/p>\n<p dir=\"ltr\">Podjetje je upravljavec obdelav osebnih podatkov uporabnikov. V nadaljevanju vam sporo\u010damo, za katere namene obdelujemo va\u0161e osebne podatke, ter podajamo ostale informacije, ki bi vas zanimale. Za vsa dodatna vpra\u0161anja smo vam na voljo preko kontaktnih podatkov, navedenih v to\u010dki 12 te izjave. <br class=\"kix-line-break\" \/><br class=\"kix-line-break\" \/>Ta izjava o varstvu osebnih podatkov velja od 01. 07. 2020. Vsebina te izjave se lahko kadar koli spremeni. \u010ce bi v izjavi pri\u0161lo do sprememb, ki bi bistveno vplivale na obdelavo va\u0161ih osebnih podatkov, vas bomo o tem nemudoma obvestili.<\/p>\n<\/div>\n<\/div>\n<div class=\"wpb_text_column wpb_content_element vc_custom_1590576030436 center-zasebnosti-bloki\">\n<div class=\"wpb_wrapper\">\n<h3 dir=\"ltr\"><b>KAKO ZBIRAMO OSEBNE PODATKE?<\/b><\/h3>\n<p dir=\"ltr\">Osebne podatke zbiramo z izpolnjevanjem podatkov ob registraciji in prijavi za dostop do na\u0161ih izdelkov in storitev.<\/p>\n<\/div>\n<\/div>\n<div class=\"wpb_text_column wpb_content_element vc_custom_1590576066802 center-zasebnosti-bloki\">\n<div class=\"wpb_wrapper\">\n<h3 dir=\"ltr\"><b>KATERE OSEBNE PODATKE ZBIRAMO?<\/b><\/h3>\n<p dir=\"ltr\">Obdelujemo naslednje vrste osebnih podatkov:<br class=\"kix-line-break\" \/>Va\u0161e ime, elektronski naslov in druge kontaktne podatke ter datum rojstva.<\/p>\n<p dir=\"ltr\"><br class=\"kix-line-break\" \/>3. 2. V nekaterih primerih morate obvezno posredovati va\u0161e osebne podatke, da omogo\u010dite normalno poslovanje in delovanje, vzdr\u017eevanje kontaktov, za dostavo izdelkov in storitev ali za izpolnjevanje zakonskih in uredbenih predpisov. \u010ce se odlo\u010dite, da ne boste posredovali svojih osebnih podatkov, morda ne bomo mogli vzdr\u017eevati na\u0161ega odnosa z vami ali vam ponuditi na\u0161ih izdelkov ali storitev.<\/p>\n<\/div>\n<\/div>\n<div class=\"wpb_text_column wpb_content_element vc_custom_1590576079028 center-zasebnosti-bloki\">\n<div class=\"wpb_wrapper\">\n<h3 dir=\"ltr\"><b>ZA KATERE NAMENE OBDELUJEMO VA\u0160E OSEBNE PODATKE?<\/b><\/h3>\n<p dir=\"ltr\">Podjetje obdeluje va\u0161e osebne podatke, ko poslujete z nami, uporabljate na\u0161e spletne strani oz. kadar kakorkoli sodelujete z nami, za naslednje namene: <br class=\"kix-line-break\" \/>(a) za zagotavljanje zahtevanih izdelkov ali storitev;<br class=\"kix-line-break\" \/>(b) za odgovarjanje na va\u0161a sporo\u010dila ali objave;<br class=\"kix-line-break\" \/>(c) za uveljavljanje garancije za registrirane izdelke;<br class=\"kix-line-break\" \/>(d) za tr\u017eenje, kar vklju\u010duje upravljanje baze osebnih podatkov in po\u0161iljanje ponudb preko naslovljene direktne po\u0161te, elektronske po\u0161te, telefona ali osebno;<br class=\"kix-line-break\" \/>(e) za upravljanje, razvoj in izbolj\u0161anje ponudbe izdelkov, storitev, trgovin, IT sistemov in spletnih strani;<br class=\"kix-line-break\" \/>(f) za spremljanje in ocenjevanje skladnosti z zakonodajo in z na\u0161imi pogoji poslovanja ter standardi;<br class=\"kix-line-break\" \/>(g) za izpolnjevanje zakonskih in uredbenih predpisov kjerkoli po svetu, vklju\u010dno s poro\u010danjem in\/ali revidiranjem s strani nacionalnih in mednarodnih regulativnih organov;<br class=\"kix-line-break\" \/>(h) za upravne namene v zvezi z varnostjo in dostopom do na\u0161ih spletnih strani in aplikacij;<br class=\"kix-line-break\" \/>(i) za delovanje v skladu s sodnimi nalogi ter uveljavljanjem in\/ali branjenjem na\u0161ih zakonitih pravic;<br class=\"kix-line-break\" \/>(j) za katerikoli drug zakonit poslovni namen;<br class=\"kix-line-break\" \/>(k) in za druge namene, ki jih dovoljuje ali zahteva katerakoli veljavna zakonodaja ali predpis.<\/p>\n<\/div>\n<\/div>\n<div class=\"wpb_text_column wpb_content_element vc_custom_1590576090396 center-zasebnosti-bloki\">\n<div class=\"wpb_wrapper\">\n<h3 dir=\"ltr\"><b>KDAJ LAHKO RAZKRIJEMO VA\u0160E OSEBNE PODATKE?<\/b><\/h3>\n<p dir=\"ltr\">Va\u0161ih osebnih podatkov ne prodajamo in ne bomo prodajali, ter jih ne dajemo v najem ali z njimi kako druga\u010de trgujemo. Va\u0161e osebne podatke bomo razkrili samo naslednjim prejemnikom: <br class=\"kix-line-break\" \/>(a) tretjim osebam, ki obdelujejo va\u0161e osebne podatke v na\u0161em imenu (na primer na\u0161i ponudniki sistemov, vklju\u010dno s ponudniki spletnih podatkovnih storitev);<br class=\"kix-line-break\" \/>(b) katerikoli tretji osebi, ki ji dodelimo ali prenesemo katere od na\u0161ih pravic ali obveznosti;<br class=\"kix-line-break\" \/>(c) morebitnemu bodo\u010demu kupcu v primeru, da prodamo katerikoli del na\u0161ega podjetja ali premo\u017eenja; in<br class=\"kix-line-break\" \/>(d) katerikoli vladni, regulativni agenciji, izvr\u0161ilnemu organu ali organu za izmenjavo ali sodi\u0161\u010du, \u010de to zahteva veljavna zakonodaja ali predpisi ali na njihovo zakonito zahtevo.<\/p>\n<\/div>\n<\/div>\n<div class=\"wpb_text_column wpb_content_element vc_custom_1590576122847 center-zasebnosti-bloki\">\n<div class=\"wpb_wrapper\">\n<h3 dir=\"ltr\"><b>KAKO VARUJEMO VA\u0160E OSEBNE PODATKE?<\/b><\/h3>\n<p dir=\"ltr\">Zavezani smo k varovanju in za\u0161\u010diti va\u0161ih osebnih podatkov ter bomo izvajali in vzdr\u017eevali ustrezne tehni\u010dne in organizacijske ukrepe, da bi zagotovili raven varnosti, primerno za za\u0161\u010dito va\u0161ih osebnih podatkov pred naklju\u010dnim ali nepoobla\u0161\u010denim uni\u010denjem, izgubo, spreminjanjem, razkritjem ali dostopom.<\/p>\n<\/div>\n<\/div>\n<div class=\"wpb_text_column wpb_content_element vc_custom_1590576221378 center-zasebnosti-bloki\">\n<div class=\"wpb_wrapper\">\n<h3 dir=\"ltr\"><b>\u010cAS SHRANJEVANJA OSEBNIH PODATKOV<\/b><\/h3>\n<p dir=\"ltr\">Va\u0161e osebne podatke bomo shranili za toliko \u010dasa, kolikor je potrebno za izpolnjevanje namena, za katerega so bili podatki zbrani, ali za izpolnjevanje zakonskih ali uredbenih zahtev ali na\u0161ih pogojev poslovanja.<\/p>\n<\/div>\n<\/div>\n<div class=\"wpb_text_column wpb_content_element vc_custom_1590576211770 center-zasebnosti-bloki\">\n<div class=\"wpb_wrapper\">\n<h3 dir=\"ltr\"><b>KAKO UVELJAVLJATE SVOJE PRAVICE VARSTVA OSEBNIH PODATKOV?<\/b><\/h3>\n<p dir=\"ltr\">Kot posameznik imate pravico zahtevati pregled nad svojimi osebnimi podatki, pod dolo\u010denimi pogoji pa tudi do njihovega popravka in\/ali izbrisa. Poleg tega lahko uveljavljate pravico do omejitve obdelave svojih osebnih podatkov, pravico do ugovora obdelave ter pravico do prenosljivosti podatkov.<\/p>\n<p dir=\"ltr\">\u010ce \u017eelite uveljavljati svoje pravice v zvezi z varstvom osebnih podatkov, se obrnite na nas preko kontaktnih podatkov, navedenih v to\u010dki 12 te izjave.<\/p>\n<\/div>\n<\/div>\n<div class=\"wpb_text_column wpb_content_element vc_custom_1590576200498 center-zasebnosti-bloki\">\n<div class=\"wpb_wrapper\">\n<h3 dir=\"ltr\"><b>ALI LAHKO UMAKNETE SVOJO PRIVOLITEV?<\/b><\/h3>\n<p dir=\"ltr\">Potem, ko ste podali svojo privolitev, jo lahko kadar koli umaknete. \u010ce \u017eelite umakniti svojo privolitev, se obrnite na nas preko kontaktnih podatkov, navedenih v to\u010dki 12 te izjave.<\/p>\n<\/div>\n<\/div>\n<div class=\"wpb_text_column wpb_content_element vc_custom_1590576189299 center-zasebnosti-bloki\">\n<div class=\"wpb_wrapper\">\n<h3 dir=\"ltr\"><b>KAKO VLO\u017dITI PRITO\u017dBO?<\/b><\/h3>\n<p dir=\"ltr\">\u010ce se \u017eelite prito\u017eiti glede ravnanja na\u0161ega podjetja z va\u0161imi osebnimi podatki, lahko vlo\u017eite prito\u017ebo preko kontaktnih podatkov, navedenih v to\u010dki 12 te izjave.<\/p>\n<\/div>\n<\/div>\n<div class=\"wpb_text_column wpb_content_element vc_custom_1658223325860 center-zasebnosti-bloki\">\n<div class=\"wpb_wrapper\">\n<h3 dir=\"ltr\"><b>KAKO LAHKO STOPITE V STIK Z NAMI?<\/b><\/h3>\n<p dir=\"ltr\">\u010ce vas zanima, kako obdelujemo va\u0161e osebne podatke, najprej preberite to izjavo. Za vsa vpra\u0161anja, pripombe, pohvale ali prito\u017ebe se obrnite na naslov: \u2013 <strong>Tonko, \u010debelarska oprema, Anton Urek s.p., <\/strong>Pleterje 16b, 8272 ZDOLE \u2013 elektronski naslov: <a href=\"mailto:oprema.tonko@gmail.com\">oprema.tonko@gmail.com<\/a><\/p>\n<\/div>\n<\/div>\n<p>[\/vc_column_text][\/vc_column][\/vc_row]<\/p>\n<\/div>","protected":false},"excerpt":{"rendered":"<p>[vc_row][vc_column][vc_column_text woodmart_inline=&#8221;no&#8221; text_larger=&#8221;no&#8221;] &nbsp; UVOD Izjava o varstvu osebnih podatkov velja za obdelavo vseh osebnih podatkov v podjetju Tonko, \u010debelarska<\/p>\n","protected":false},"author":230,"featured_media":0,"parent":0,"menu_order":0,"comment_status":"closed","ping_status":"closed","template":"","meta":{"rs_blank_template":"","rs_page_bg_color":"","slide_template_v7":"","inline_featured_image":false,"footnotes":""},"class_list":["post-14570","page","type-page","status-publish","hentry"],"_links":{"self":[{"href":"https:\/\/tonko.si\/it\/wp-json\/wp\/v2\/pages\/14570","targetHints":{"allow":["GET"]}}],"collection":[{"href":"https:\/\/tonko.si\/it\/wp-json\/wp\/v2\/pages"}],"about":[{"href":"https:\/\/tonko.si\/it\/wp-json\/wp\/v2\/types\/page"}],"author":[{"embeddable":true,"href":"https:\/\/tonko.si\/it\/wp-json\/wp\/v2\/users\/230"}],"replies":[{"embeddable":true,"href":"https:\/\/tonko.si\/it\/wp-json\/wp\/v2\/comments?post=14570"}],"version-history":[{"count":3,"href":"https:\/\/tonko.si\/it\/wp-json\/wp\/v2\/pages\/14570\/revisions"}],"predecessor-version":[{"id":14614,"href":"https:\/\/tonko.si\/it\/wp-json\/wp\/v2\/pages\/14570\/revisions\/14614"}],"wp:attachment":[{"href":"https:\/\/tonko.si\/it\/wp-json\/wp\/v2\/media?parent=14570"}],"curies":[{"name":"wp","href":"https:\/\/api.w.org\/{rel}","templated":true}]}}