{"id":14558,"date":"2022-06-25T08:33:48","date_gmt":"2022-06-25T08:33:48","guid":{"rendered":"https:\/\/tonko.si\/biscotti\/"},"modified":"2025-01-21T12:19:15","modified_gmt":"2025-01-21T12:19:15","slug":"biscotti","status":"publish","type":"page","link":"https:\/\/tonko.si\/it\/biscotti\/","title":{"rendered":"Biscotti"},"content":{"rendered":"<div class=\"wpb-content-wrapper\"><p>[vc_row][vc_column]\n\t\t<div id=\"wd-62b6c8214a8d8\" class=\"title-wrapper wd-wpb set-mb-s reset-last-child  wd-rs-62b6c8214a8d8 wd-title-color-primary wd-title-style-underlined text-left  wd-underline-colored\">\n\t\t\t\n\t\t\t<div class=\"liner-continer\">\n\t\t\t\t<h4 class=\"woodmart-title-container title  wd-font-weight- wd-fontsize-xl\" >Biscotti<\/h4>\n\t\t\t\t\t\t\t<\/div>\n\t\t\t\n\t\t\t\n\t\t\t\n\t\t<\/div>\n\t\t\n\t\t\t\t<div id=\"wd-62b6c82b441d7\" class=\"wd-text-block wd-wpb reset-last-child wd-rs-62b6c82b441d7 text-left wd-fontsize-custom vc_custom_1656145966984\">\n\t\t\t<p>Pi\u0161kotki so male besedilne datoteke, ki jih ve\u010dina spletnih mest shrani v naprave uporabnikov s katerimi dostopajo do interneta z namenom prepoznavanja posameznih naprav, ki so jih uporabniki uporabili pri dostopu. Njihovo shranjevanje je pod popolnim nadzorom brskalnika, ki ga uporablja uporabnik &#8211; ta lahko shranjevanje pi\u0161kotkov po \u017eelji omeji ali onemogo\u010di.<\/p>\n\t\t<\/div>\n\t\t[\/vc_column][\/vc_row][vc_row][vc_column]\n\t\t<div id=\"wd-62b6c83be2d91\" class=\"title-wrapper wd-wpb set-mb-s reset-last-child  wd-rs-62b6c83be2d91 wd-title-color-primary wd-title-style-underlined text-left  wd-underline-colored\">\n\t\t\t\n\t\t\t<div class=\"liner-continer\">\n\t\t\t\t<h4 class=\"woodmart-title-container title  wd-font-weight- wd-fontsize-xl\" >Zakaj so pi\u0161kotki potrebni?<\/h4>\n\t\t\t\t\t\t\t<\/div>\n\t\t\t\n\t\t\t\n\t\t\t\n\t\t<\/div>\n\t\t\n\t\t\t\t<div id=\"wd-62b6c84561fa0\" class=\"wd-text-block wd-wpb reset-last-child wd-rs-62b6c84561fa0 text-left wd-fontsize-custom vc_custom_1656145993111\">\n\t\t\t<p>Pi\u0161kotki so temeljnega pomena za zagotavljanje uporabniku prijaznih spletnih storitev. Najpogostej\u0161e funkcije eposlovanja ne bi bile mogo\u010de brez pi\u0161kotkov. Interakcija med spletnim uporabnikom in spletno stranjo je s pomo\u010djo pi\u0161kotkov hitrej\u0161a in enostavnej\u0161a. Z njihovo pomo\u010djo si spletna stran zapomni posameznikove preference in izku\u0161nje, s tem je prihranjen \u010das, brskanje po spletnih straneh pa je s tem bolj u\u010dinkovito in prijetno. Pi\u0161kotke uporablja ve\u010dina spletnih strani, so priro\u010dno sredstvo za ohranjanje sve\u017ee in primerne vsebine, ki je v skladu z interesi in preferencami posameznega spletnega uporabnika. Razlogov za uporabo pi\u0161kotkov je tako ve\u010d, kot prvi gotovo njihova lastnost shranjevanja podatkov o stanju posamezne spletne strani (podrobnosti o prilagoditvah posamezne spletne strani), pomagajo pri izvajanju raznih spletnih storitev (spletne trgovine), pomagajo pri zbiranju raznih statistik, o navadah spletnega uporabnika \u2013 saj se le z njimi lahko spremlja pogostost obiskovanja dolo\u010dene spletne strani. Podjetja lahko s pomo\u010djo pi\u0161kotkov ocenijo u\u010dinkovitost zasnove svojih spletnih strani, kot tudi ustreznost vrste in \u0161tevila oglasov, ki jih ponujajo uporabnikom na svojih spletnih straneh.<\/p>\n\t\t<\/div>\n\t\t[\/vc_column][\/vc_row][vc_row][vc_column]\n\t\t<div id=\"wd-62b6c85269885\" class=\"title-wrapper wd-wpb set-mb-s reset-last-child  wd-rs-62b6c85269885 wd-title-color-primary wd-title-style-underlined text-left  wd-underline-colored\">\n\t\t\t\n\t\t\t<div class=\"liner-continer\">\n\t\t\t\t<h4 class=\"woodmart-title-container title  wd-font-weight- wd-fontsize-xl\" >Katere pi\u0161kotke vsebuje spletno mesto?<\/h4>\n\t\t\t\t\t\t\t<\/div>\n\t\t\t\n\t\t\t\n\t\t\t\n\t\t<\/div>\n\t\t\n\t\t\t\t<div id=\"wd-632d8e0dec09b\" class=\"wd-text-block wd-wpb reset-last-child wd-rs-632d8e0dec09b text-left wd-fontsize-custom vc_custom_1663929887501\">\n\t\t\t<table class=\"paddingsmall\">\n<tbody>\n<tr>\n<td>Podjetje<\/td>\n<td>Ime pi\u0161kotka<\/td>\n<td>Namen<\/td>\n<td>Trajanje<\/td>\n<\/tr>\n<tr>\n<td>Tonko<\/td>\n<td>CL_TONKO<\/td>\n<td>Strinjanju s pogoji o pi\u0161kotkih<\/td>\n<td>1 leto<\/td>\n<\/tr>\n<tr>\n<td>AddThis<\/td>\n<td>__at*<\/td>\n<td>Socialni vti\u010dniki<\/td>\n<td>2 leti<\/td>\n<\/tr>\n<tr>\n<td>AddThis<\/td>\n<td>di2, dt, loc, uid, uit<\/td>\n<td>Socialni vti\u010dniki<\/td>\n<td>Razli\u010dno<\/td>\n<\/tr>\n<\/tbody>\n<\/table>\n\t\t<\/div>\n\t\t[\/vc_column][\/vc_row]<\/p>\n<\/div>","protected":false},"excerpt":{"rendered":"<p>[vc_row][vc_column][\/vc_column][\/vc_row][vc_row][vc_column][\/vc_column][\/vc_row][vc_row][vc_column][\/vc_column][\/vc_row]<\/p>\n","protected":false},"author":230,"featured_media":0,"parent":0,"menu_order":0,"comment_status":"closed","ping_status":"closed","template":"","meta":{"rs_blank_template":"","rs_page_bg_color":"","slide_template_v7":"","inline_featured_image":false,"footnotes":""},"class_list":["post-14558","page","type-page","status-publish","hentry"],"_links":{"self":[{"href":"https:\/\/tonko.si\/it\/wp-json\/wp\/v2\/pages\/14558","targetHints":{"allow":["GET"]}}],"collection":[{"href":"https:\/\/tonko.si\/it\/wp-json\/wp\/v2\/pages"}],"about":[{"href":"https:\/\/tonko.si\/it\/wp-json\/wp\/v2\/types\/page"}],"author":[{"embeddable":true,"href":"https:\/\/tonko.si\/it\/wp-json\/wp\/v2\/users\/230"}],"replies":[{"embeddable":true,"href":"https:\/\/tonko.si\/it\/wp-json\/wp\/v2\/comments?post=14558"}],"version-history":[{"count":2,"href":"https:\/\/tonko.si\/it\/wp-json\/wp\/v2\/pages\/14558\/revisions"}],"predecessor-version":[{"id":14560,"href":"https:\/\/tonko.si\/it\/wp-json\/wp\/v2\/pages\/14558\/revisions\/14560"}],"wp:attachment":[{"href":"https:\/\/tonko.si\/it\/wp-json\/wp\/v2\/media?parent=14558"}],"curies":[{"name":"wp","href":"https:\/\/api.w.org\/{rel}","templated":true}]}}