{"id":14313,"date":"2022-07-04T11:23:02","date_gmt":"2022-07-04T11:23:02","guid":{"rendered":"https:\/\/tonko.si\/a-proposito-dellazienda\/"},"modified":"2025-01-21T12:25:21","modified_gmt":"2025-01-21T12:25:21","slug":"a-proposito-dellazienda","status":"publish","type":"page","link":"https:\/\/tonko.si\/it\/a-proposito-dellazienda\/","title":{"rendered":"A proposito dell&#8217;azienda"},"content":{"rendered":"<div class=\"wpb-content-wrapper\"><p>[vc_row content_placement=&#8221;top&#8221; row_reverse_mobile=&#8221;0&#8243; css=&#8221;.vc_custom_1663827712335{margin-bottom: 0px !important;}&#8221; woodmart_css_id=&#8221;632bfefb76043&#8243; responsive_spacing=&#8221;eyJwYXJhbV90eXBlIjoid29vZG1hcnRfcmVzcG9uc2l2ZV9zcGFjaW5nIiwic2VsZWN0b3JfaWQiOiI2MzJiZmVmYjc2MDQzIiwic2hvcnRjb2RlIjoidmNfcm93IiwiZGF0YSI6eyJ0YWJsZXQiOnt9LCJtb2JpbGUiOnsibWFyZ2luLWJvdHRvbSI6IjIwcHgifX19&#8243; mobile_bg_img_hidden=&#8221;no&#8221; tablet_bg_img_hidden=&#8221;no&#8221; woodmart_parallax=&#8221;0&#8243; woodmart_gradient_switch=&#8221;no&#8221; row_reverse_tablet=&#8221;0&#8243; woodmart_disable_overflow=&#8221;0&#8243; woodmart_box_shadow=&#8221;no&#8221; wd_z_index=&#8221;no&#8221;][vc_column offset=&#8221;vc_col-lg-7 vc_col-md-6&#8243; css=&#8221;.vc_custom_1660305388582{margin-bottom: 40px !important;}&#8221; woodmart_css_id=&#8221;62f63fe9a2048&#8243; responsive_spacing=&#8221;eyJwYXJhbV90eXBlIjoid29vZG1hcnRfcmVzcG9uc2l2ZV9zcGFjaW5nIiwic2VsZWN0b3JfaWQiOiI2MmY2M2ZlOWEyMDQ4Iiwic2hvcnRjb2RlIjoidmNfY29sdW1uIiwiZGF0YSI6eyJ0YWJsZXQiOnt9LCJtb2JpbGUiOnt9fX0=&#8221; parallax_scroll=&#8221;no&#8221; mobile_bg_img_hidden=&#8221;no&#8221; tablet_bg_img_hidden=&#8221;no&#8221; woodmart_parallax=&#8221;0&#8243; woodmart_sticky_column=&#8221;false&#8221; mobile_reset_margin=&#8221;no&#8221; tablet_reset_margin=&#8221;no&#8221; wd_collapsible_content_switcher=&#8221;no&#8221; woodmart_box_shadow=&#8221;no&#8221; wd_z_index=&#8221;no&#8221;]\n\t\t<div id=\"wd-632bfb9a93a4d\" class=\"title-wrapper wd-wpb set-mb-s reset-last-child  wd-rs-632bfb9a93a4d wd-title-color-default wd-title-style-default text-left vc_custom_1663826853686 wd-width-custom wd-underline-colored\">\n\t\t\t\n\t\t\t<div class=\"liner-continer\">\n\t\t\t\t<h4 class=\"woodmart-title-container title  wd-font-weight- wd-fontsize-l\" ><u>Attrezzature per l'apicoltura Tonko<\/u><\/h4>\n\t\t\t\t\t\t\t<\/div>\n\t\t\t\n\t\t\t\n\t\t\t\n\t\t<\/div>\n\t\t\n\t\t\t\t<div id=\"wd-65c393429297b\" class=\"wd-text-block wd-wpb reset-last-child wd-rs-65c393429297b text-left wd-fontsize-custom vc_custom_1707316051934\">\n\t\t\t<h3><strong>INIZI<\/strong><\/h3>\n<p>Le nostre origini nel settore dell&#8217;apicoltura risalgono al 2008, quando abbiamo iniziato l&#8217;apicoltura con quattro famiglie. Nel giro di pochi anni, l&#8217;apicoltura si \u00e8 sviluppata in 40 famiglie e 12 di riserva. Durante i preparativi per la ri-espansione dell&#8217;apicoltura, ho avuto una reazione allergica molto forte al veleno d&#8217;api. Le reazioni alle macchie sono state pericolose per la vita, il che mi ha costretto a smettere di impegnarmi attivamente nell&#8217;apicoltura.<\/p>\n<h3>RICERCA DI SOLUZIONI<\/h3>\n<p>La prima primavera senza api mi ha fatto capire che le api fanno parte della mia vita e che senza di loro non ce l&#8217;avrei fatta. . Ho iniziato a cercare attivamente una soluzione al problema allergico. Due soluzioni sono state offerte: il trattamento o assicurarsi che la puntura d&#8217;ape non si avvenisse mai. Il trattamento \u00e8 piuttosto lungo e volevo una soluzione il pi\u00f9 rapidamente. Quindi, trovare un vestito che mi protegga dalla puntura.<\/p>\n<h3>QUAL \u00c8 QUELLA GIUSTA<\/h3>\n<p>In una ricerca di mercato, ho rapidamente scoperto che sul mercato sloveno non esiste una soluzione adeguata. Ho visto il vestito, come lo volevo anch&#8217;io, da un amico che l&#8217;aveva acquistato in una fiera in Germania. La tuta era molto diversa da tutto ci\u00f2 che conoscevamo allora, fatta di tre strati di tessuto a rete. Comprare un vestito del genere, allora non era cos\u00ec facile, dal momento che l&#8217;offerta era praticamente inesistente. Anche il prezzo era nella fascia di un distributore manuale di miele.<\/p>\n<h3>PRIMI TENTATIVI<\/h3>\n<p>Ho ordinato i primi campioni di vestiti dal Pakistan. Subito dopo l&#8217;apertura della confezione &#8211; delusione. Anche il vestito non era quello che mi aspettavo. Questo mi \u00e8 successo altre due volte ed era necessario un cambio di strategia. Un amico dall&#8217;estero mi ha fornito il contatto di un produttore affidabile. Abbiamo concordato una consegna di prova. I campioni erano fantastici e abbiamo iniziato a lavorare insieme.<\/p>\n<h3>COOPERAZIONE E SVILUPPO<\/h3>\n<p>Abbiamo messo sul mercato abiti che erano una novit\u00e0 assoluta per la maggior parte delle persone e che pi\u00f9 volte sono stati derisi. Abbiamo iniziato con i vestiti bianchi, poi abbiamo aggiunto il marrone, il giallo, il rosa. . . Abbiamo un contatto personale con i nostri clienti e siamo in grado di ascoltare qualsiasi idea che porti al progresso. Quindi, miglioriamo costantemente i nostri vestiti, perch\u00e9 ogni nuova serie ha alcuni miglioramenti. Oggi, la quota delle vendite di tute d&#8217;aria a tre strati \u00e8 superiore al 90% nel segmento dei dispositivi di protezione.<\/p>\n<h3>OFFERTA<\/h3>\n<p>Offriamo ancora la stessa linea di abiti di una volta. Si chiama linea KLASIK ed \u00e8 disponibile in diversi colori. Sono disponibili giacche e tute da apicoltura, nonch\u00e9 tute per bambini. Prevale l\u2019offerta di indumenti protettivi a rete a tre strati \u2013 3S, che offriamo in diversi colori, versioni con tuta o cappello rotondo. Sono disponibili tute, giacche e pantaloni. Tutta la nostra offerta \u00e8 disponibile nelle taglie dalla XS (per altezza fino a 160 cm) fino alla taglia 4XL (per altezza fino a 210 cm).<\/p>\n<h3>VANTAGGI<\/h3>\n<p>I principali vantaggi delle tute 3S sono in un livello davvero elevato di protezione contro le macchie. Naturalmente, c&#8217;\u00e8 sempre la possibilit\u00e0 di un punto, ma con l&#8217;uso di questo vestito, questa opzione \u00e8 estremamente ridotta. Un altro importante vantaggio della tuta 3S \u00e8 la sua traspirabilit\u00e0, che consente di lavorare normalmente anche nelle giornate pi\u00f9 calde. Un altro importante vantaggio della tuta 3S \u00e8 la sua traspirabilit\u00e0, che consente di lavorare normalmente anche nelle giornate pi\u00f9 calde.<\/p>\n<h3>NOVIT\u00c0<\/h3>\n<p>Posso affermare che abbiamo la pi\u00f9 ampia selezione di tute per l&#8217;apicoltura, sia in termini di modelli, colori e scelte di taglia. Facciamo del nostro meglio per soddisfare i nostri clienti e che abbiano la possibilit\u00e0 di scegliere per questo aggiungiamo costantemente nuovi prodotti e sviluppiamo ulteriormente quelli esistenti.<\/p>\n<p><strong>ALL&#8217;INIZIO ABBIAMO SEGUITO LE NOVIT\u00c0, ORA CREIAMO NOVIT\u00c0 E TENDENZE!<\/strong><\/p>\n\t\t<\/div>\n\t\t[vc_row_inner][vc_column_inner]<div id=\"wd-678f92294e665\" class=\" wd-rs-678f92294e665  wd-button-wrapper text-left\"><a href=\"https:\/\/tonko.si\/it\/contatto\/\" title=\"\" class=\"btn btn-color-primary btn-style-default btn-style-semi-round btn-size-default\">Contatto<\/a><\/div>[\/vc_column_inner][\/vc_row_inner][\/vc_column][vc_column offset=&#8221;vc_col-lg-5 vc_col-md-6&#8243; css=&#8221;.vc_custom_1660305381982{margin-bottom: 40px !important;}&#8221; woodmart_css_id=&#8221;62f63fdf8cc90&#8243; responsive_spacing=&#8221;eyJwYXJhbV90eXBlIjoid29vZG1hcnRfcmVzcG9uc2l2ZV9zcGFjaW5nIiwic2VsZWN0b3JfaWQiOiI2MmY2M2ZkZjhjYzkwIiwic2hvcnRjb2RlIjoidmNfY29sdW1uIiwiZGF0YSI6eyJ0YWJsZXQiOnsibWFyZ2luLWJvdHRvbSI6IjEwMHB4In0sIm1vYmlsZSI6e319fQ==&#8221; parallax_scroll=&#8221;no&#8221; mobile_bg_img_hidden=&#8221;no&#8221; tablet_bg_img_hidden=&#8221;no&#8221; woodmart_parallax=&#8221;0&#8243; woodmart_sticky_column=&#8221;false&#8221; mobile_reset_margin=&#8221;no&#8221; tablet_reset_margin=&#8221;no&#8221; wd_collapsible_content_switcher=&#8221;no&#8221; woodmart_box_shadow=&#8221;no&#8221; wd_z_index=&#8221;no&#8221;]\t\t<div id=\"wd-632bfedcd19d0\" class=\"wd-image wd-wpb wd-rs-632bfedcd19d0 text-center  photoswipe-images\">\n\t\t\t\t\t\t\t<a href=\"https:\/\/tonko.si\/wp-content\/uploads\/2022\/09\/onas-desno-slika2.jpg\"  data-width=\"480\" data-height=\"400\">\n\t\t\t\n\t\t\t<img loading=\"lazy\" decoding=\"async\" width=\"480\" height=\"400\" src=\"https:\/\/tonko.si\/wp-content\/uploads\/2022\/09\/onas-desno-slika2.jpg\" class=\"attachment-full\" alt=\"\" title=\"onas-desno-slika2\" srcset=\"https:\/\/tonko.si\/wp-content\/uploads\/2022\/09\/onas-desno-slika2.jpg 480w, https:\/\/tonko.si\/wp-content\/uploads\/2022\/09\/onas-desno-slika2-360x300.jpg 360w, https:\/\/tonko.si\/wp-content\/uploads\/2022\/09\/onas-desno-slika2-430x358.jpg 430w, https:\/\/tonko.si\/wp-content\/uploads\/2022\/09\/onas-desno-slika2-150x125.jpg 150w\" sizes=\"auto, (max-width: 480px) 100vw, 480px\" \/>\n\t\t\t\t\t\t\t<\/a>\n\t\t\t\t\t<\/div>\n\t\t[\/vc_column][\/vc_row]<\/p>\n<\/div>","protected":false},"excerpt":{"rendered":"<p>[vc_row content_placement=&#8221;top&#8221; row_reverse_mobile=&#8221;0&#8243; css=&#8221;.vc_custom_1663827712335{margin-bottom: 0px !important;}&#8221; woodmart_css_id=&#8221;632bfefb76043&#8243; responsive_spacing=&#8221;eyJwYXJhbV90eXBlIjoid29vZG1hcnRfcmVzcG9uc2l2ZV9zcGFjaW5nIiwic2VsZWN0b3JfaWQiOiI2MzJiZmVmYjc2MDQzIiwic2hvcnRjb2RlIjoidmNfcm93IiwiZGF0YSI6eyJ0YWJsZXQiOnt9LCJtb2JpbGUiOnsibWFyZ2luLWJvdHRvbSI6IjIwcHgifX19&#8243; mobile_bg_img_hidden=&#8221;no&#8221; tablet_bg_img_hidden=&#8221;no&#8221; woodmart_parallax=&#8221;0&#8243; woodmart_gradient_switch=&#8221;no&#8221; row_reverse_tablet=&#8221;0&#8243; woodmart_disable_overflow=&#8221;0&#8243; woodmart_box_shadow=&#8221;no&#8221; wd_z_index=&#8221;no&#8221;][vc_column offset=&#8221;vc_col-lg-7 vc_col-md-6&#8243; css=&#8221;.vc_custom_1660305388582{margin-bottom: 40px<\/p>\n","protected":false},"author":230,"featured_media":0,"parent":0,"menu_order":0,"comment_status":"closed","ping_status":"closed","template":"","meta":{"rs_blank_template":"","rs_page_bg_color":"","slide_template_v7":"","inline_featured_image":false,"footnotes":""},"class_list":["post-14313","page","type-page","status-publish","hentry"],"_links":{"self":[{"href":"https:\/\/tonko.si\/it\/wp-json\/wp\/v2\/pages\/14313","targetHints":{"allow":["GET"]}}],"collection":[{"href":"https:\/\/tonko.si\/it\/wp-json\/wp\/v2\/pages"}],"about":[{"href":"https:\/\/tonko.si\/it\/wp-json\/wp\/v2\/types\/page"}],"author":[{"embeddable":true,"href":"https:\/\/tonko.si\/it\/wp-json\/wp\/v2\/users\/230"}],"replies":[{"embeddable":true,"href":"https:\/\/tonko.si\/it\/wp-json\/wp\/v2\/comments?post=14313"}],"version-history":[{"count":4,"href":"https:\/\/tonko.si\/it\/wp-json\/wp\/v2\/pages\/14313\/revisions"}],"predecessor-version":[{"id":14617,"href":"https:\/\/tonko.si\/it\/wp-json\/wp\/v2\/pages\/14313\/revisions\/14617"}],"wp:attachment":[{"href":"https:\/\/tonko.si\/it\/wp-json\/wp\/v2\/media?parent=14313"}],"curies":[{"name":"wp","href":"https:\/\/api.w.org\/{rel}","templated":true}]}}