{"id":13848,"date":"2023-07-14T15:55:52","date_gmt":"2023-07-14T15:55:52","guid":{"rendered":"https:\/\/tonko.si\/trgovina\/otroske-cebelarske-rokavice-bela-barva\/"},"modified":"2023-07-14T15:55:52","modified_gmt":"2023-07-14T15:55:52","slug":"otroske-cebelarske-rokavice-bela-barva","status":"publish","type":"product","link":"https:\/\/tonko.si\/en\/trgovina\/otroske-cebelarske-rokavice-bela-barva\/","title":{"rendered":"Otro\u0161ke \u010debelarske rokavice &#8211; Bela barva"},"content":{"rendered":"","protected":false},"excerpt":{"rendered":"<p>Otro\u0161ke \u010debelarske rokavice iz treh slojev mre\u017eastega materiala \u2013 BARVA BELA<\/p>\n<ul>\n<li>the lower part of the beekeeping gloves are made of quality soft goat leather<\/li>\n<li>The rest of the gloves is made of three layers of mesh material with a total thickness of 4 mm<\/li>\n<li>The gloves are breathable and offer excellent protection against bee stings<\/li>\n<li>Adjustable elastic at the end of the sleeve for an optimal fit<\/li>\n<li>Available sizes from XXXS, XXS, XS<\/li>\n<\/ul>\n","protected":false},"featured_media":12012,"template":"","meta":{"rs_blank_template":"","rs_page_bg_color":"","slide_template_v7":"","inline_featured_image":false},"product_brand":[],"product_cat":[433,381],"product_tag":[],"class_list":{"0":"post-13848","1":"product","2":"type-product","3":"status-publish","4":"has-post-thumbnail","6":"product_cat-beekeeping-gloves","7":"product_cat-protective-equipment","9":"first","10":"instock","11":"shipping-taxable","12":"purchasable","13":"product-type-variable"},"_links":{"self":[{"href":"https:\/\/tonko.si\/en\/wp-json\/wp\/v2\/product\/13848","targetHints":{"allow":["GET"]}}],"collection":[{"href":"https:\/\/tonko.si\/en\/wp-json\/wp\/v2\/product"}],"about":[{"href":"https:\/\/tonko.si\/en\/wp-json\/wp\/v2\/types\/product"}],"wp:featuredmedia":[{"embeddable":true,"href":"https:\/\/tonko.si\/en\/wp-json\/wp\/v2\/media\/12012"}],"wp:attachment":[{"href":"https:\/\/tonko.si\/en\/wp-json\/wp\/v2\/media?parent=13848"}],"wp:term":[{"taxonomy":"product_brand","embeddable":true,"href":"https:\/\/tonko.si\/en\/wp-json\/wp\/v2\/product_brand?post=13848"},{"taxonomy":"product_cat","embeddable":true,"href":"https:\/\/tonko.si\/en\/wp-json\/wp\/v2\/product_cat?post=13848"},{"taxonomy":"product_tag","embeddable":true,"href":"https:\/\/tonko.si\/en\/wp-json\/wp\/v2\/product_tag?post=13848"}],"curies":[{"name":"wp","href":"https:\/\/api.w.org\/{rel}","templated":true}]}}