{"id":13419,"date":"2023-07-14T15:54:08","date_gmt":"2023-07-14T15:54:08","guid":{"rendered":"https:\/\/tonko.si\/trgovina\/troslojne-cebelarske-rokavice-rjava-barva\/"},"modified":"2023-07-14T15:54:08","modified_gmt":"2023-07-14T15:54:08","slug":"troslojne-cebelarske-rokavice-rjava-barva","status":"publish","type":"product","link":"https:\/\/tonko.si\/en\/trgovina\/troslojne-cebelarske-rokavice-rjava-barva\/","title":{"rendered":"Troslojne \u010debelarske rokavice &#8211; Rjava barva"},"content":{"rendered":"","protected":false},"excerpt":{"rendered":"<p>\u010cebelarske rokavice iz treh slojev mre\u017eastega materiala \u2013 BARVA RJAVA<\/p>\n<ul>\n<li>the lower part of the beekeeping gloves are made of quality soft goat leather<\/li>\n<li>The rest of the gloves is made of three layers of mesh material with a total thickness of 4 mm<\/li>\n<li>The gloves are breathable and offer excellent protection against bee stings<\/li>\n<li>Adjustable elastic at the end of the sleeve for an optimal fit<\/li>\n<li>Available sizes from XS, S, M, L, XL, 2XL, 3XL, 4XL<\/li>\n<\/ul>\n","protected":false},"featured_media":12015,"template":"","meta":{"rs_blank_template":"","rs_page_bg_color":"","slide_template_v7":"","inline_featured_image":false},"product_brand":[],"product_cat":[433,381],"product_tag":[],"class_list":{"0":"post-13419","1":"product","2":"type-product","3":"status-publish","4":"has-post-thumbnail","6":"product_cat-beekeeping-gloves","7":"product_cat-protective-equipment","9":"first","10":"instock","11":"shipping-taxable","12":"purchasable","13":"product-type-variable"},"_links":{"self":[{"href":"https:\/\/tonko.si\/en\/wp-json\/wp\/v2\/product\/13419","targetHints":{"allow":["GET"]}}],"collection":[{"href":"https:\/\/tonko.si\/en\/wp-json\/wp\/v2\/product"}],"about":[{"href":"https:\/\/tonko.si\/en\/wp-json\/wp\/v2\/types\/product"}],"wp:featuredmedia":[{"embeddable":true,"href":"https:\/\/tonko.si\/en\/wp-json\/wp\/v2\/media\/12015"}],"wp:attachment":[{"href":"https:\/\/tonko.si\/en\/wp-json\/wp\/v2\/media?parent=13419"}],"wp:term":[{"taxonomy":"product_brand","embeddable":true,"href":"https:\/\/tonko.si\/en\/wp-json\/wp\/v2\/product_brand?post=13419"},{"taxonomy":"product_cat","embeddable":true,"href":"https:\/\/tonko.si\/en\/wp-json\/wp\/v2\/product_cat?post=13419"},{"taxonomy":"product_tag","embeddable":true,"href":"https:\/\/tonko.si\/en\/wp-json\/wp\/v2\/product_tag?post=13419"}],"curies":[{"name":"wp","href":"https:\/\/api.w.org\/{rel}","templated":true}]}}