{"id":13393,"date":"2023-07-14T16:13:42","date_gmt":"2023-07-14T16:13:42","guid":{"rendered":"https:\/\/tonko.si\/trgovina\/klasicni-otroski-cebelarski-zascitni-kombinezon-bela-barva\/"},"modified":"2025-01-21T13:22:49","modified_gmt":"2025-01-21T13:22:49","slug":"klasicni-otroski-cebelarski-zascitni-kombinezon-bela-barva","status":"publish","type":"product","link":"https:\/\/tonko.si\/en\/trgovina\/klasicni-otroski-cebelarski-zascitni-kombinezon-bela-barva\/","title":{"rendered":"Klasi\u010dni otro\u0161ki \u010debelarski za\u0161\u010ditni kombinezon \u2013 Bela barva"},"content":{"rendered":"<p>You can choose the size of the suit or jacket using the table below. The table should serve as your help, but if it happens that the size is not suitable, we will arrange a replacement for another selected number.<\/p>\n<table class=\"prod_spec\">\n<tbody>\n<tr>\n<td class=\"left\">SIZE<\/td>\n<td>XS<\/td>\n<td>S<\/td>\n<td>M<\/td>\n<td>L<\/td>\n<td>XL<\/td>\n<td>XXL<\/td>\n<td>XXXL<\/td>\n<\/tr>\n<tr>\n<td class=\"left\">Body HEIGHT<\/td>\n<td>up to 160<\/td>\n<td>160-168<\/td>\n<td>168-175<\/td>\n<td>175-182<\/td>\n<td>182-186<\/td>\n<td>186-191<\/td>\n<td>191 and above<\/td>\n<\/tr>\n<tr>\n<td class=\"left\">Ready-made sizes<\/td>\n<td>40<\/td>\n<td>44<\/td>\n<td>48<\/td>\n<td>52<\/td>\n<td>56<\/td>\n<td>60<\/td>\n<td>64<\/td>\n<\/tr>\n<\/tbody>\n<\/table>\n<p>If you wish to exchange the protective clothing supplied for another, please let us know and the courier will collect the one you wish to return when the other is delivered.<\/p>\n<p>One exchange of the ordered suit is free of charge.<\/p>\n","protected":false},"excerpt":{"rendered":"<ul>\n<li>Optimal protection of the whole body and head<\/li>\n<li>Elastic end of sleeve<\/li>\n<li>Useful pockets<\/li>\n<li>Quality workmanship<\/li>\n<li>Fully interchangeable space suit<\/li>\n<li>Easy dressing by opening the zipper<\/li>\n<li>Available sizes: 120 cm, 130 cm, 140 cm<\/li>\n<\/ul>\n","protected":false},"featured_media":12123,"template":"","meta":{"rs_blank_template":"","rs_page_bg_color":"","slide_template_v7":"","inline_featured_image":false},"product_brand":[],"product_cat":[417,381],"product_tag":[],"class_list":{"0":"post-13393","1":"product","2":"type-product","3":"status-publish","4":"has-post-thumbnail","6":"product_cat-childrens-beekeeping-overalls","7":"product_cat-protective-equipment","8":"product_shipping_class-visja-dostava","10":"first","11":"instock","12":"shipping-taxable","13":"purchasable","14":"product-type-variable"},"_links":{"self":[{"href":"https:\/\/tonko.si\/en\/wp-json\/wp\/v2\/product\/13393","targetHints":{"allow":["GET"]}}],"collection":[{"href":"https:\/\/tonko.si\/en\/wp-json\/wp\/v2\/product"}],"about":[{"href":"https:\/\/tonko.si\/en\/wp-json\/wp\/v2\/types\/product"}],"wp:featuredmedia":[{"embeddable":true,"href":"https:\/\/tonko.si\/en\/wp-json\/wp\/v2\/media\/12123"}],"wp:attachment":[{"href":"https:\/\/tonko.si\/en\/wp-json\/wp\/v2\/media?parent=13393"}],"wp:term":[{"taxonomy":"product_brand","embeddable":true,"href":"https:\/\/tonko.si\/en\/wp-json\/wp\/v2\/product_brand?post=13393"},{"taxonomy":"product_cat","embeddable":true,"href":"https:\/\/tonko.si\/en\/wp-json\/wp\/v2\/product_cat?post=13393"},{"taxonomy":"product_tag","embeddable":true,"href":"https:\/\/tonko.si\/en\/wp-json\/wp\/v2\/product_tag?post=13393"}],"curies":[{"name":"wp","href":"https:\/\/api.w.org\/{rel}","templated":true}]}}