{"id":14091,"date":"2023-07-14T17:52:45","date_gmt":"2023-07-14T17:52:45","guid":{"rendered":"https:\/\/tonko.si\/trgovina\/usnjene-cebelarske-rokavice-z-zracnikom-rumena-barva\/"},"modified":"2023-07-14T17:52:45","modified_gmt":"2023-07-14T17:52:45","slug":"usnjene-cebelarske-rokavice-z-zracnikom-rumena-barva","status":"publish","type":"product","link":"https:\/\/tonko.si\/de\/Gesch\u00e4ft\/usnjene-cebelarske-rokavice-z-zracnikom-rumena-barva\/","title":{"rendered":"Usnjene \u010debelarske rokavice z zra\u010dnikom &#8211; Rumena barva"},"content":{"rendered":"","protected":false},"excerpt":{"rendered":"<p>\u010cebelarske rokavice usnjene<\/p>\n<ul>\n<li>10 cm gen\u00e4hte Verst\u00e4rkung im Handgelenkbereich f\u00fcr zus\u00e4tzlichen Schutz vor Stichen<\/li>\n<li>Weiter unten befindet sich ein 6 cm langer Bel\u00fcftungsbereich. Hergestellt aus doppeltem Mesh, das die Handschuhe bel\u00fcftet und gleichzeitig vor Stichen sch\u00fctzt<\/li>\n<li>Die Handschuhe selbst sind aus hochwertigem, weichem Ziegenleder gefertigt<\/li>\n<li>Gummizug am \u00c4rmelende f\u00fcr eine perfekte Passform<\/li>\n<li>wei\u00dfe und gelbe Farbe<\/li>\n<li>Erh\u00e4ltlich in den Gr\u00f6\u00dfen XS, S, M, L, XL, 2XL, 3XL<\/li>\n<\/ul>\n","protected":false},"featured_media":12019,"template":"","meta":{"rs_blank_template":"","rs_page_bg_color":"","slide_template_v7":"","inline_featured_image":false},"product_brand":[],"product_cat":[500,404],"product_tag":[],"class_list":{"0":"post-14091","1":"product","2":"type-product","3":"status-publish","4":"has-post-thumbnail","6":"product_cat-imkerhandschuhe","7":"product_cat-schutzausrustung","9":"first","10":"instock","11":"shipping-taxable","12":"purchasable","13":"product-type-variable"},"_links":{"self":[{"href":"https:\/\/tonko.si\/de\/wp-json\/wp\/v2\/product\/14091","targetHints":{"allow":["GET"]}}],"collection":[{"href":"https:\/\/tonko.si\/de\/wp-json\/wp\/v2\/product"}],"about":[{"href":"https:\/\/tonko.si\/de\/wp-json\/wp\/v2\/types\/product"}],"wp:featuredmedia":[{"embeddable":true,"href":"https:\/\/tonko.si\/de\/wp-json\/wp\/v2\/media\/12019"}],"wp:attachment":[{"href":"https:\/\/tonko.si\/de\/wp-json\/wp\/v2\/media?parent=14091"}],"wp:term":[{"taxonomy":"product_brand","embeddable":true,"href":"https:\/\/tonko.si\/de\/wp-json\/wp\/v2\/product_brand?post=14091"},{"taxonomy":"product_cat","embeddable":true,"href":"https:\/\/tonko.si\/de\/wp-json\/wp\/v2\/product_cat?post=14091"},{"taxonomy":"product_tag","embeddable":true,"href":"https:\/\/tonko.si\/de\/wp-json\/wp\/v2\/product_tag?post=14091"}],"curies":[{"name":"wp","href":"https:\/\/api.w.org\/{rel}","templated":true}]}}