{"id":14069,"date":"2023-07-14T15:54:08","date_gmt":"2023-07-14T15:54:08","guid":{"rendered":"https:\/\/tonko.si\/trgovina\/troslojne-cebelarske-rokavice-rjava-barva\/"},"modified":"2023-07-14T15:54:08","modified_gmt":"2023-07-14T15:54:08","slug":"troslojne-cebelarske-rokavice-rjava-barva","status":"publish","type":"product","link":"https:\/\/tonko.si\/de\/Gesch\u00e4ft\/troslojne-cebelarske-rokavice-rjava-barva\/","title":{"rendered":"Troslojne \u010debelarske rokavice &#8211; Rjava barva"},"content":{"rendered":"","protected":false},"excerpt":{"rendered":"<p>\u010cebelarske rokavice iz treh slojev mre\u017eastega materiala \u2013 BARVA RJAVA<\/p>\n<ul>\n<li>Die Handfl\u00e4chen der Imkerhandschuhe sind aus hochwertigem, weichem Ziegenleder gefertigt.<\/li>\n<li>Der Rest des Handschuhs besteht aus drei Schichten Netzmaterial mit einer Gesamtdicke von 4 mm<\/li>\n<li>Die Handschuhe sind atmungsaktiv und bieten einen hervorragenden Schutz gegen Bienenstiche<\/li>\n<li>Verstellbarer Gummizug am \u00c4rmelende f\u00fcr optimale Passform<\/li>\n<li>Erh\u00e4ltlich in den Gr\u00f6\u00dfen XS, S, M, L, XL, 2XL, 3XL, 4XL<\/li>\n<\/ul>\n","protected":false},"featured_media":12016,"template":"","meta":{"rs_blank_template":"","rs_page_bg_color":"","slide_template_v7":"","inline_featured_image":false},"product_brand":[],"product_cat":[500,404],"product_tag":[],"class_list":{"0":"post-14069","1":"product","2":"type-product","3":"status-publish","4":"has-post-thumbnail","6":"product_cat-imkerhandschuhe","7":"product_cat-schutzausrustung","9":"first","10":"instock","11":"shipping-taxable","12":"purchasable","13":"product-type-variable"},"_links":{"self":[{"href":"https:\/\/tonko.si\/de\/wp-json\/wp\/v2\/product\/14069","targetHints":{"allow":["GET"]}}],"collection":[{"href":"https:\/\/tonko.si\/de\/wp-json\/wp\/v2\/product"}],"about":[{"href":"https:\/\/tonko.si\/de\/wp-json\/wp\/v2\/types\/product"}],"wp:featuredmedia":[{"embeddable":true,"href":"https:\/\/tonko.si\/de\/wp-json\/wp\/v2\/media\/12016"}],"wp:attachment":[{"href":"https:\/\/tonko.si\/de\/wp-json\/wp\/v2\/media?parent=14069"}],"wp:term":[{"taxonomy":"product_brand","embeddable":true,"href":"https:\/\/tonko.si\/de\/wp-json\/wp\/v2\/product_brand?post=14069"},{"taxonomy":"product_cat","embeddable":true,"href":"https:\/\/tonko.si\/de\/wp-json\/wp\/v2\/product_cat?post=14069"},{"taxonomy":"product_tag","embeddable":true,"href":"https:\/\/tonko.si\/de\/wp-json\/wp\/v2\/product_tag?post=14069"}],"curies":[{"name":"wp","href":"https:\/\/api.w.org\/{rel}","templated":true}]}}