{"id":14045,"date":"2023-07-14T15:27:07","date_gmt":"2023-07-14T15:27:07","guid":{"rendered":"https:\/\/tonko.si\/trgovina\/cebelarski-kombinezon-klasik-bela-barva\/"},"modified":"2025-01-17T14:06:03","modified_gmt":"2025-01-17T14:06:03","slug":"cebelarski-kombinezon-klasik-bela-barva","status":"publish","type":"product","link":"https:\/\/tonko.si\/de\/Gesch\u00e4ft\/cebelarski-kombinezon-klasik-bela-barva\/","title":{"rendered":"\u010cebelarski kombinezon klasik \u2013 Bela barva"},"content":{"rendered":"<p>Sie k\u00f6nnen Ihre Anzug- oder Jackengr\u00f6\u00dfe anhand der nachstehenden Tabelle ausw\u00e4hlen. Die Tabelle soll Ihnen als Anhaltspunkt dienen.<\/p>\n<table class=\"prod_spec\">\n<tbody>\n<tr>\n<td class=\"left\">GR\u00d6SSE<\/td>\n<td>XS<\/td>\n<td>S<\/td>\n<td>M<\/td>\n<td>L<\/td>\n<td>XL<\/td>\n<td>XXL<\/td>\n<td>XXXL<\/td>\n<\/tr>\n<tr>\n<td class=\"left\">K\u00f6rpergr\u00f6\u00dfe<\/td>\n<td>bis 160<\/td>\n<td>160-168<\/td>\n<td>168-175<\/td>\n<td>175-182<\/td>\n<td>182-186<\/td>\n<td>186-191<\/td>\n<td>191 und dar\u00fcber<\/td>\n<\/tr>\n<tr>\n<td class=\"left\">Konfektionsgr\u00f6\u00dfe<\/td>\n<td>40<\/td>\n<td>44<\/td>\n<td>48<\/td>\n<td>52<\/td>\n<td>56<\/td>\n<td>60<\/td>\n<td>64<\/td>\n<\/tr>\n<\/tbody>\n<\/table>\n<p>Wenn Sie die gelieferte Schutzkleidung gegen eine andere umtauschen m\u00f6chten, teilen Sie uns dies bitte mit, und der Kurier wird die gew\u00fcnschte Schutzkleidung abholen, wenn die andere geliefert wird.<\/p>\n<p>Ein Umtausch des bestellten Anzugs ist kostenlos.<\/p>\n","protected":false},"excerpt":{"rendered":"<p>Runde Hutoption<br \/>\u2022 Funktioneller Schutz des gesamten K\u00f6rpers<br \/>\n\u2022 Elastischer Abschluss an \u00c4rmeln und Hose<br \/>\n\u2022 N\u00fctzliche Taschen<br \/>\n\u2022 Hochwertige Fertigung<br \/>\n\u2022 Wei\u00dfe Farbe<br \/>\n\u2022 Vollst\u00e4ndig austauschbarer Hut oder Raumanzug<br \/>\n\u2022 Einfaches Anziehen durch \u00d6ffnen des Rei\u00dfverschlusses<br \/>\n\u2022 Verf\u00fcgbare Gr\u00f6\u00dfen von XL, 2XL<br \/>\n\u2022 \u00dcberpr\u00fcfen Sie die Gr\u00f6\u00dfe in der folgenden Tabelle<\/p>\n<p><\/p>\n","protected":false},"featured_media":12088,"template":"","meta":{"rs_blank_template":"","rs_page_bg_color":"","slide_template_v7":"","inline_featured_image":false},"product_brand":[],"product_cat":[469,404],"product_tag":[],"class_list":{"0":"post-14045","1":"product","2":"type-product","3":"status-publish","4":"has-post-thumbnail","6":"product_cat-imkeroverall","7":"product_cat-schutzausrustung","8":"product_shipping_class-visja-dostava","10":"first","11":"outofstock","12":"shipping-taxable","13":"purchasable","14":"product-type-variable"},"_links":{"self":[{"href":"https:\/\/tonko.si\/de\/wp-json\/wp\/v2\/product\/14045","targetHints":{"allow":["GET"]}}],"collection":[{"href":"https:\/\/tonko.si\/de\/wp-json\/wp\/v2\/product"}],"about":[{"href":"https:\/\/tonko.si\/de\/wp-json\/wp\/v2\/types\/product"}],"wp:featuredmedia":[{"embeddable":true,"href":"https:\/\/tonko.si\/de\/wp-json\/wp\/v2\/media\/12088"}],"wp:attachment":[{"href":"https:\/\/tonko.si\/de\/wp-json\/wp\/v2\/media?parent=14045"}],"wp:term":[{"taxonomy":"product_brand","embeddable":true,"href":"https:\/\/tonko.si\/de\/wp-json\/wp\/v2\/product_brand?post=14045"},{"taxonomy":"product_cat","embeddable":true,"href":"https:\/\/tonko.si\/de\/wp-json\/wp\/v2\/product_cat?post=14045"},{"taxonomy":"product_tag","embeddable":true,"href":"https:\/\/tonko.si\/de\/wp-json\/wp\/v2\/product_tag?post=14045"}],"curies":[{"name":"wp","href":"https:\/\/api.w.org\/{rel}","templated":true}]}}