{"id":13471,"date":"2023-07-14T14:05:32","date_gmt":"2023-07-14T14:05:32","guid":{"rendered":"https:\/\/tonko.si\/trgovina\/troslojne-cebelarske-hlace-bela-barva\/"},"modified":"2025-01-17T14:14:56","modified_gmt":"2025-01-17T14:14:56","slug":"troslojne-cebelarske-hlace-bela-barva","status":"publish","type":"product","link":"https:\/\/tonko.si\/de\/Gesch\u00e4ft\/troslojne-cebelarske-hlace-bela-barva\/","title":{"rendered":"Troslojne \u010debelarske hla\u010de \u2013 Bela barva"},"content":{"rendered":"","protected":false},"excerpt":{"rendered":"<p>Imkerschutzhose aus dreilagigem Netzmaterial &#8211; WEISS<\/p>\n<ul>\n<li>Atmungsaktiv \/ Abstandsgewirke dreilagig, Gesamtdicke 4 mm<\/li>\n<li>L\u00e4sst Feuchtigkeit vom K\u00f6rper entweichen und sorgt f\u00fcr Bel\u00fcftung an hei\u00dfen Tagen<\/li>\n<li>Optimaler Schutz f\u00fcr den Unterk\u00f6rper<\/li>\n<li>Gummizug am Hosenbein<\/li>\n<li>N\u00fctzliche Taschen<\/li>\n<li>Hochwertige Verarbeitung<\/li>\n<li>Elastischer Taillenbund<\/li>\n<li>Verf\u00fcgbare Gr\u00f6\u00dfen: XS, S, M, L, XL, 2XL, 3XL, 4XL<\/li>\n<li style=\"list-style-type: none;\">\n<\/li>\n<\/ul>\n","protected":false},"featured_media":11869,"template":"","meta":{"rs_blank_template":"","rs_page_bg_color":"","slide_template_v7":"","inline_featured_image":false},"product_brand":[],"product_cat":[474,404],"product_tag":[],"class_list":{"0":"post-13471","1":"product","2":"type-product","3":"status-publish","4":"has-post-thumbnail","6":"product_cat-imkerschutzhose","7":"product_cat-schutzausrustung","8":"product_shipping_class-visja-dostava","10":"first","11":"instock","12":"sale","13":"shipping-taxable","14":"purchasable","15":"product-type-variable"},"_links":{"self":[{"href":"https:\/\/tonko.si\/de\/wp-json\/wp\/v2\/product\/13471","targetHints":{"allow":["GET"]}}],"collection":[{"href":"https:\/\/tonko.si\/de\/wp-json\/wp\/v2\/product"}],"about":[{"href":"https:\/\/tonko.si\/de\/wp-json\/wp\/v2\/types\/product"}],"wp:featuredmedia":[{"embeddable":true,"href":"https:\/\/tonko.si\/de\/wp-json\/wp\/v2\/media\/11869"}],"wp:attachment":[{"href":"https:\/\/tonko.si\/de\/wp-json\/wp\/v2\/media?parent=13471"}],"wp:term":[{"taxonomy":"product_brand","embeddable":true,"href":"https:\/\/tonko.si\/de\/wp-json\/wp\/v2\/product_brand?post=13471"},{"taxonomy":"product_cat","embeddable":true,"href":"https:\/\/tonko.si\/de\/wp-json\/wp\/v2\/product_cat?post=13471"},{"taxonomy":"product_tag","embeddable":true,"href":"https:\/\/tonko.si\/de\/wp-json\/wp\/v2\/product_tag?post=13471"}],"curies":[{"name":"wp","href":"https:\/\/api.w.org\/{rel}","templated":true}]}}