{"id":14351,"date":"2020-05-27T02:58:45","date_gmt":"2020-05-27T02:58:45","guid":{"rendered":"https:\/\/tonko.si\/lieferung-und-zahlung\/"},"modified":"2025-01-21T12:17:11","modified_gmt":"2025-01-21T12:17:11","slug":"lieferung-und-zahlung","status":"publish","type":"page","link":"https:\/\/tonko.si\/de\/lieferung-und-zahlung\/","title":{"rendered":"Lieferung und Zahlung"},"content":{"rendered":"<div class=\"wpb-content-wrapper\"><p>[vc_row full_width=&#8220;stretch_row&#8220; css=&#8220;.vc_custom_1590550621480{margin-top: -40px !important;padding-top: 4vh !important;background-color: #f5f5f5 !important;}&#8220; mobile_bg_img_hidden=&#8220;no&#8220; tablet_bg_img_hidden=&#8220;no&#8220; woodmart_parallax=&#8220;0&#8243; woodmart_gradient_switch=&#8220;no&#8220; row_reverse_mobile=&#8220;0&#8243; row_reverse_tablet=&#8220;0&#8243; woodmart_disable_overflow=&#8220;0&#8243;][vc_column][vc_column_text text_larger=&#8220;no&#8220; el_class=&#8220;center-zasebnosti-bloki&#8220; css=&#8220;.vc_custom_1711453444086{padding-top: 20px !important;padding-right: 20px !important;padding-bottom: 20px !important;padding-left: 20px !important;background-color: #ffffff !important;border-radius: 5px !important;}&#8220; woodmart_inline=&#8220;no&#8220;]<\/p>\n<h2><strong>1. LIEFERUNG<\/strong><\/h2>\n<p style=\"font-weight: 400;\">Der Anbieter liefert die Waren oder Dienstleistungen innerhalb der vereinbarten Zeit.<br \/>\nVertragspartner f\u00fcr die Lieferung von Sendungen ist GLS.<br \/>\nIn den Preisen der auf der Website aufgef\u00fchrten Artikel sind die Versandkosten nicht enthalten. Das Porto wird vor der Bestellung berechnet und dem Nutzer \u00fcbersichtlich angezeigt. Kommission<\/p>\n<p>&nbsp;<\/p>\n<p>&nbsp;<\/p>\n<table style=\"height: 179px;\" border=\"1\" width=\"468\" cellspacing=\"0\" cellpadding=\"0\">\n<tbody>\n<tr>\n<td width=\"115\">Einkaufswert<\/td>\n<td width=\"115\">\n<p align=\"center\">bis zu 1 Stk<\/p>\n<\/td>\n<\/tr>\n<tr>\n<td width=\"115\">Dostava<\/td>\n<td width=\"115\">\n<p align=\"center\">5,50 \u20ac<\/p>\n<\/td>\n<\/tr>\n<tr>\n<td width=\"115\">Pers\u00f6nliche Sammlung<\/td>\n<td colspan=\"2\" width=\"345\">\n<p align=\"center\">ohne zus\u00e4tzliche Kosten<\/p>\n<\/td>\n<\/tr>\n<\/tbody>\n<\/table>\n<p><span lang=\"SL\">Der Anbieter \u00fcbernimmt das Transportrisiko. Eventuelle Sch\u00e4den oder Mengenm\u00e4ngel sind vom Nutzer sp\u00e4testens 8 Tage nach Erhalt der Ware schriftlich zu melden. <\/span>[\/vc_column_text][vc_column_text text_larger=&#8220;no&#8220; el_class=&#8220;center-zasebnosti-bloki&#8220; css=&#8220;.vc_custom_1711453217705{padding-top: 20px !important;padding-right: 20px !important;padding-bottom: 20px !important;padding-left: 20px !important;background-color: #ffffff !important;border-radius: 5px !important;}&#8220; woodmart_inline=&#8220;no&#8220;]<\/p>\n<h2><strong>2. ZAHLUNGSARTEN<\/strong><\/h2>\n<p>Sie k\u00f6nnen bestellte Produkte auf verschiedene Arten bezahlen:<\/p>\n<ol>\n<li>Zahlung per Kreditkarte<\/li>\n<li>Zahlung per Vorkasse<\/li>\n<li>Nachnahme (bei Abholung)<\/li>\n<li>Paypal<\/li>\n<\/ol>\n<p>&nbsp;<\/p>\n<p><strong>Zahlung per Zahlungskarte<\/strong><\/p>\n<p>Es erm\u00f6glicht die Zahlung mit den meisten Kredit- und Debitkarten (Visa, American Express, MasterCard&#8230;) rund um die Uhr.<\/p>\n<p><strong>Zahlung per Vorkasse<\/strong><\/p>\n<p>Wenn Sie sich f\u00fcr diese Zahlungsart entscheiden, senden wir Ihnen bei einem Einkauf im Online-Shop eine Proforma-Rechnung an Ihre E-Mail-Adresse. Die Begleichung k\u00f6nnen Sie per Online-Banking, bei der Bank oder bei der Post vornehmen. Nach erfolgter Zahlung k\u00f6nnen Sie uns eine Zahlungsbest\u00e4tigung an die E-Mail-Adresse <a href=\"mailto:oprema.tonko@gmail.com\">oprema.tonko@gmail.com<\/a> senden und so eine schnellere Bearbeitung Ihrer Bestellung erm\u00f6glichen. Sobald Ihre Zahlung bei uns eingegangen ist, versenden wir die bestellten und bezahlten Produkte an Sie.<\/p>\n<p><img loading=\"lazy\" decoding=\"async\" class=\"alignnone wp-image-3056 size-full\" src=\"https:\/\/www.racunovodstvo-mtbiro.si\/wp-content\/uploads\/2020\/05\/furs_badge.jpg\" alt=\"\" width=\"250\" height=\"357\" \/>[\/vc_column_text][\/vc_column][\/vc_row]<\/p>\n<\/div>","protected":false},"excerpt":{"rendered":"<p>[vc_row full_width=&#8220;stretch_row&#8220; css=&#8220;.vc_custom_1590550621480{margin-top: -40px !important;padding-top: 4vh !important;background-color: #f5f5f5 !important;}&#8220; mobile_bg_img_hidden=&#8220;no&#8220; tablet_bg_img_hidden=&#8220;no&#8220; woodmart_parallax=&#8220;0&#8243; woodmart_gradient_switch=&#8220;no&#8220; row_reverse_mobile=&#8220;0&#8243; row_reverse_tablet=&#8220;0&#8243; woodmart_disable_overflow=&#8220;0&#8243;][vc_column][vc_column_text text_larger=&#8220;no&#8220; el_class=&#8220;center-zasebnosti-bloki&#8220; css=&#8220;.vc_custom_1711453444086{padding-top: 20px<\/p>\n","protected":false},"author":230,"featured_media":0,"parent":0,"menu_order":0,"comment_status":"closed","ping_status":"closed","template":"","meta":{"rs_blank_template":"","rs_page_bg_color":"","slide_template_v7":"","inline_featured_image":false,"footnotes":""},"class_list":["post-14351","page","type-page","status-publish","hentry"],"_links":{"self":[{"href":"https:\/\/tonko.si\/de\/wp-json\/wp\/v2\/pages\/14351","targetHints":{"allow":["GET"]}}],"collection":[{"href":"https:\/\/tonko.si\/de\/wp-json\/wp\/v2\/pages"}],"about":[{"href":"https:\/\/tonko.si\/de\/wp-json\/wp\/v2\/types\/page"}],"author":[{"embeddable":true,"href":"https:\/\/tonko.si\/de\/wp-json\/wp\/v2\/users\/230"}],"replies":[{"embeddable":true,"href":"https:\/\/tonko.si\/de\/wp-json\/wp\/v2\/comments?post=14351"}],"version-history":[{"count":3,"href":"https:\/\/tonko.si\/de\/wp-json\/wp\/v2\/pages\/14351\/revisions"}],"predecessor-version":[{"id":14612,"href":"https:\/\/tonko.si\/de\/wp-json\/wp\/v2\/pages\/14351\/revisions\/14612"}],"wp:attachment":[{"href":"https:\/\/tonko.si\/de\/wp-json\/wp\/v2\/media?parent=14351"}],"curies":[{"name":"wp","href":"https:\/\/api.w.org\/{rel}","templated":true}]}}