{"id":12656,"date":"2022-07-04T11:23:02","date_gmt":"2022-07-04T11:23:02","guid":{"rendered":"https:\/\/tonko.si\/ueber-das-unternehmen\/"},"modified":"2025-01-20T14:19:18","modified_gmt":"2025-01-20T14:19:18","slug":"ueber-das-unternehmen","status":"publish","type":"page","link":"https:\/\/tonko.si\/de\/ueber-das-unternehmen\/","title":{"rendered":"\u00dcber das Unternehmen"},"content":{"rendered":"<div class=\"wpb-content-wrapper\"><p>[vc_row content_placement=&#8220;top&#8220; row_reverse_mobile=&#8220;0&#8243; css=&#8220;.vc_custom_1663827712335{margin-bottom: 0px !important;}&#8220; woodmart_css_id=&#8220;632bfefb76043&#8243; responsive_spacing=&#8220;eyJwYXJhbV90eXBlIjoid29vZG1hcnRfcmVzcG9uc2l2ZV9zcGFjaW5nIiwic2VsZWN0b3JfaWQiOiI2MzJiZmVmYjc2MDQzIiwic2hvcnRjb2RlIjoidmNfcm93IiwiZGF0YSI6eyJ0YWJsZXQiOnt9LCJtb2JpbGUiOnsibWFyZ2luLWJvdHRvbSI6IjIwcHgifX19&#8243; mobile_bg_img_hidden=&#8220;no&#8220; tablet_bg_img_hidden=&#8220;no&#8220; woodmart_parallax=&#8220;0&#8243; woodmart_gradient_switch=&#8220;no&#8220; row_reverse_tablet=&#8220;0&#8243; woodmart_disable_overflow=&#8220;0&#8243; woodmart_box_shadow=&#8220;no&#8220; wd_z_index=&#8220;no&#8220;][vc_column offset=&#8220;vc_col-lg-7 vc_col-md-6&#8243; css=&#8220;.vc_custom_1660305388582{margin-bottom: 40px !important;}&#8220; woodmart_css_id=&#8220;62f63fe9a2048&#8243; responsive_spacing=&#8220;eyJwYXJhbV90eXBlIjoid29vZG1hcnRfcmVzcG9uc2l2ZV9zcGFjaW5nIiwic2VsZWN0b3JfaWQiOiI2MmY2M2ZlOWEyMDQ4Iiwic2hvcnRjb2RlIjoidmNfY29sdW1uIiwiZGF0YSI6eyJ0YWJsZXQiOnt9LCJtb2JpbGUiOnt9fX0=&#8220; parallax_scroll=&#8220;no&#8220; mobile_bg_img_hidden=&#8220;no&#8220; tablet_bg_img_hidden=&#8220;no&#8220; woodmart_parallax=&#8220;0&#8243; woodmart_sticky_column=&#8220;false&#8220; mobile_reset_margin=&#8220;no&#8220; tablet_reset_margin=&#8220;no&#8220; wd_collapsible_content_switcher=&#8220;no&#8220; woodmart_box_shadow=&#8220;no&#8220; wd_z_index=&#8220;no&#8220;]\n\t\t<div id=\"wd-632bfb9a93a4d\" class=\"title-wrapper wd-wpb set-mb-s reset-last-child  wd-rs-632bfb9a93a4d wd-title-color-default wd-title-style-default text-left vc_custom_1663826853686 wd-width-custom wd-underline-colored\">\n\t\t\t\n\t\t\t<div class=\"liner-continer\">\n\t\t\t\t<h4 class=\"woodmart-title-container title  wd-font-weight- wd-fontsize-l\" >Bienenzuchtausr\u00fcstung <u>Tonko<\/u><\/h4>\n\t\t\t\t\t\t\t<\/div>\n\t\t\t\n\t\t\t\n\t\t\t\n\t\t<\/div>\n\t\t\n\t\t\t\t<div id=\"wd-65c393429297b\" class=\"wd-text-block wd-wpb reset-last-child wd-rs-65c393429297b text-left wd-fontsize-custom vc_custom_1707316051934\">\n\t\t\t<h3><strong>ANF\u00c4NGE<\/strong><\/h3>\n<p>Die Anf\u00e4nge unserer Imkerei gehen auf das Jahr 2008 zur\u00fcck, als wir mit vier Bienenv\u00f6lkern begannen. In wenigen Jahren ist die Imkerei auf 40 Wirtschaftsv\u00f6lker und 12 Reservev\u00f6lker angewachsen. W\u00e4hrend der Vorbereitungszeit f\u00fcr die erneute Ausweitung der Imkerei entwickelte ich eine sehr starke allergische Reaktion auf Bienengift. Die Reaktionen auf die Punkte waren lebensbedrohlich, so dass ich gezwungen war, die aktive Imkerei aufzugeben.<\/p>\n<h3>SUCHE NACH L\u00d6SUNGEN<\/h3>\n<p>Der erste Fr\u00fchling ohne Bienen machte mir klar, dass Bienen ein Teil meines Lebens sind und dass ich nicht ohne sie auskomme. Ich begann, aktiv nach einer L\u00f6sung f\u00fcr mein Allergieproblem zu suchen. Zwei L\u00f6sungen kristallisierten sich heraus: eine Behandlung oder das Vermeiden von Stichen. Die Behandlung ist ziemlich zeitaufw\u00e4ndig, und ich wollte so schnell wie m\u00f6glich eine L\u00f6sung finden. Also musste ich einen Anzug finden, der mich vor Stichen sch\u00fctzen w\u00fcrde.<\/p>\n<h3>WAS IST RICHTIG<\/h3>\n<p>Bei der Marktrecherche wurde mir schnell klar, dass es in Slowenien keine geeignete L\u00f6sung gab. Ich habe mich an einen Anzug eines Freundes gewandt, der ihn auf einer Messe in Deutschland gekauft hatte. Er war v\u00f6llig anders als alles, was wir damals kannten, und bestand aus drei Lagen Abstandsmaterial. Damals war es nicht einfach, einen solchen Anzug zu kaufen, denn das Angebot war praktisch nicht vorhanden. Auch der Preis war unvorstellbar hoch.<\/p>\n<h3>ERSTE SUCHE<\/h3>\n<p>Ich habe mein erstes Anzugmuster aus Pakistan bestellt. Unmittelbar nach dem \u00d6ffnen der Packung &#8211; Entt\u00e4uschung. Die Anz\u00fcge entsprachen nicht einmal ann\u00e4hernd meinen Erwartungen. Das passierte noch zwei weitere Male, so dass ich einen Strategiewechsel brauchte. Er gab mir einen Kontakt zu einem vertrauensw\u00fcrdigen Hersteller. Wir schlossen einen Vertrag \u00fcber eine Testlieferung. Die Versuche waren ausgezeichnet, und wir begannen sofort mit der Zusammenarbeit.<\/p>\n<h3>ZUSAMMENARBEIT UND ENTWICKLUNG<\/h3>\n<p>Wir brachten Imkerkleidung auf den Markt, die f\u00fcr die meisten Menschen ein absolutes Novum war und oft bel\u00e4chelt wurde. Wir begannen mit wei\u00dfen Latzhosen und f\u00fcgten sp\u00e4ter braune, gelbe, rosa usw. hinzu. Wir haben ein pers\u00f6nliches Verh\u00e4ltnis zu unseren Kunden und haben ein offenes Ohr f\u00fcr jede Idee, die einen Fortschritt bringt. Aus diesem Grund verbessern wir unsere Kleidungsst\u00fccke st\u00e4ndig, so dass fast jede neue Charge einige Verbesserungen enth\u00e4lt. Gegenw\u00e4rtig liegt der Anteil des Verkaufs von dreilagigen Imkeranz\u00fcgen im Segment der Schutzkleidung bei \u00fcber 90 %.<\/p>\n<h3>ANGEBOT<\/h3>\n<p>Wir bieten nach wie vor die gleiche Linie von Imkerbekleidung an wie bisher. Sie hei\u00dft KLASIK-Linie und ist in verschiedenen Farben erh\u00e4ltlich. Es gibt Jacken und Latzhosen, sowie Latzhosen f\u00fcr Kinder. Das dominierende Sortiment sind die dreilagigen Netzoveralls &#8211; 3D -, die in verschiedenen Farben erh\u00e4ltlich sind, mit einem &#8222;Astronaut&#8220;-artigen Anzug oder einem runden Hut. Overalls, Westen und Hosen sind ebenfalls erh\u00e4ltlich. Alle unsere Produkte sind in den Gr\u00f6\u00dfen XS (f\u00fcr K\u00f6rpergr\u00f6\u00dfen bis 160 cm) bis 4XL (f\u00fcr K\u00f6rpergr\u00f6\u00dfen bis 210 cm) erh\u00e4ltlich.<\/p>\n<h3>VORTEILE<\/h3>\n<p>Der Hauptvorteil der 3D-Anz\u00fcge ist der wirklich hohe Schutz vor Stichen. Nat\u00fcrlich besteht immer die M\u00f6glichkeit, gestochen zu werden, aber mit diesem Anzug ist diese M\u00f6glichkeit sehr begrenzt. Ein weiterer gro\u00dfer Vorteil des 3D-Anzugs ist seine Atmungsaktivit\u00e4t, die ein normales Arbeiten selbst an den hei\u00dfesten Tagen erm\u00f6glicht. Das atmungsaktive Mesh-Material transportiert den Schwei\u00df vom K\u00f6rper weg und sorgt f\u00fcr ein f\u00e4cherartiges Gef\u00fchl, auch wenn man schneller l\u00e4uft oder bei leichtem Wind.<\/p>\n<h3>NEWS<\/h3>\n<p>Man kann mit Sicherheit sagen, dass wir die gr\u00f6\u00dfte Auswahl an Imkeranz\u00fcgen haben, sowohl in Bezug auf Design, Farbe und Gr\u00f6\u00dfe. Wir arbeiten hart, um sicherzustellen, dass unsere Kunden zufrieden sind und eine Auswahl haben, deshalb f\u00fcgen wir st\u00e4ndig neue Produkte hinzu und entwickeln bestehende weiter.<\/p>\n<p><strong>AM ANFANG FOLGTEN WIR DEM NEUEN, JETZT KREIEREN WIR DAS NEUE UND DIE TRENDS!<\/strong><\/p>\n\t\t<\/div>\n\t\t[vc_row_inner][vc_column_inner]<div id=\"wd-632bff0f4a488\" class=\" wd-rs-632bff0f4a488  wd-button-wrapper text-left\"><a href=\"https:\/\/tonko.si\/de\/kontakt\/\" title=\"\" class=\"btn btn-color-primary btn-style-default btn-style-semi-round btn-size-default\">Kontakt<\/a><\/div>[\/vc_column_inner][\/vc_row_inner][\/vc_column][vc_column offset=&#8220;vc_col-lg-5 vc_col-md-6&#8243; css=&#8220;.vc_custom_1660305381982{margin-bottom: 40px !important;}&#8220; woodmart_css_id=&#8220;62f63fdf8cc90&#8243; responsive_spacing=&#8220;eyJwYXJhbV90eXBlIjoid29vZG1hcnRfcmVzcG9uc2l2ZV9zcGFjaW5nIiwic2VsZWN0b3JfaWQiOiI2MmY2M2ZkZjhjYzkwIiwic2hvcnRjb2RlIjoidmNfY29sdW1uIiwiZGF0YSI6eyJ0YWJsZXQiOnsibWFyZ2luLWJvdHRvbSI6IjEwMHB4In0sIm1vYmlsZSI6e319fQ==&#8220; parallax_scroll=&#8220;no&#8220; mobile_bg_img_hidden=&#8220;no&#8220; tablet_bg_img_hidden=&#8220;no&#8220; woodmart_parallax=&#8220;0&#8243; woodmart_sticky_column=&#8220;false&#8220; mobile_reset_margin=&#8220;no&#8220; tablet_reset_margin=&#8220;no&#8220; wd_collapsible_content_switcher=&#8220;no&#8220; woodmart_box_shadow=&#8220;no&#8220; wd_z_index=&#8220;no&#8220;]\t\t<div id=\"wd-632bfedcd19d0\" class=\"wd-image wd-wpb wd-rs-632bfedcd19d0 text-center  photoswipe-images\">\n\t\t\t\t\t\t\t<a href=\"https:\/\/tonko.si\/wp-content\/uploads\/2022\/09\/onas-desno-slika2.jpg\"  data-width=\"480\" data-height=\"400\">\n\t\t\t\n\t\t\t<img loading=\"lazy\" decoding=\"async\" width=\"480\" height=\"400\" src=\"https:\/\/tonko.si\/wp-content\/uploads\/2022\/09\/onas-desno-slika2.jpg\" class=\"attachment-full\" alt=\"\" title=\"onas-desno-slika2\" srcset=\"https:\/\/tonko.si\/wp-content\/uploads\/2022\/09\/onas-desno-slika2.jpg 480w, https:\/\/tonko.si\/wp-content\/uploads\/2022\/09\/onas-desno-slika2-360x300.jpg 360w, https:\/\/tonko.si\/wp-content\/uploads\/2022\/09\/onas-desno-slika2-430x358.jpg 430w, https:\/\/tonko.si\/wp-content\/uploads\/2022\/09\/onas-desno-slika2-150x125.jpg 150w\" sizes=\"auto, (max-width: 480px) 100vw, 480px\" \/>\n\t\t\t\t\t\t\t<\/a>\n\t\t\t\t\t<\/div>\n\t\t[\/vc_column][\/vc_row]<\/p>\n<\/div>","protected":false},"excerpt":{"rendered":"<p>[vc_row content_placement=&#8220;top&#8220; row_reverse_mobile=&#8220;0&#8243; css=&#8220;.vc_custom_1663827712335{margin-bottom: 0px !important;}&#8220; woodmart_css_id=&#8220;632bfefb76043&#8243; responsive_spacing=&#8220;eyJwYXJhbV90eXBlIjoid29vZG1hcnRfcmVzcG9uc2l2ZV9zcGFjaW5nIiwic2VsZWN0b3JfaWQiOiI2MzJiZmVmYjc2MDQzIiwic2hvcnRjb2RlIjoidmNfcm93IiwiZGF0YSI6eyJ0YWJsZXQiOnt9LCJtb2JpbGUiOnsibWFyZ2luLWJvdHRvbSI6IjIwcHgifX19&#8243; mobile_bg_img_hidden=&#8220;no&#8220; tablet_bg_img_hidden=&#8220;no&#8220; woodmart_parallax=&#8220;0&#8243; woodmart_gradient_switch=&#8220;no&#8220; row_reverse_tablet=&#8220;0&#8243; woodmart_disable_overflow=&#8220;0&#8243; woodmart_box_shadow=&#8220;no&#8220; wd_z_index=&#8220;no&#8220;][vc_column offset=&#8220;vc_col-lg-7 vc_col-md-6&#8243; css=&#8220;.vc_custom_1660305388582{margin-bottom: 40px<\/p>\n","protected":false},"author":230,"featured_media":0,"parent":0,"menu_order":0,"comment_status":"closed","ping_status":"closed","template":"","meta":{"rs_blank_template":"","rs_page_bg_color":"","slide_template_v7":"","inline_featured_image":false,"footnotes":""},"class_list":["post-12656","page","type-page","status-publish","hentry"],"_links":{"self":[{"href":"https:\/\/tonko.si\/de\/wp-json\/wp\/v2\/pages\/12656","targetHints":{"allow":["GET"]}}],"collection":[{"href":"https:\/\/tonko.si\/de\/wp-json\/wp\/v2\/pages"}],"about":[{"href":"https:\/\/tonko.si\/de\/wp-json\/wp\/v2\/types\/page"}],"author":[{"embeddable":true,"href":"https:\/\/tonko.si\/de\/wp-json\/wp\/v2\/users\/230"}],"replies":[{"embeddable":true,"href":"https:\/\/tonko.si\/de\/wp-json\/wp\/v2\/comments?post=12656"}],"version-history":[{"count":9,"href":"https:\/\/tonko.si\/de\/wp-json\/wp\/v2\/pages\/12656\/revisions"}],"predecessor-version":[{"id":14503,"href":"https:\/\/tonko.si\/de\/wp-json\/wp\/v2\/pages\/12656\/revisions\/14503"}],"wp:attachment":[{"href":"https:\/\/tonko.si\/de\/wp-json\/wp\/v2\/media?parent=12656"}],"curies":[{"name":"wp","href":"https:\/\/api.w.org\/{rel}","templated":true}]}}